{"id":4023,"date":"2025-09-12T20:29:01","date_gmt":"2025-09-12T18:29:01","guid":{"rendered":"https:\/\/rahizi.org\/?page_id=4023"},"modified":"2025-09-12T22:46:33","modified_gmt":"2025-09-12T20:46:33","slug":"thank-you","status":"publish","type":"page","link":"https:\/\/rahizi.org\/da\/thank-you\/","title":{"rendered":"Demande re\u00e7ue !"},"content":{"rendered":"<style>.elementor-4023 .elementor-element.elementor-element-cadda07 > .elementor-container > .elementor-column > .elementor-widget-wrap{align-content:center;align-items:center;}.elementor-4023 .elementor-element.elementor-element-cadda07:not(.elementor-motion-effects-element-type-background), .elementor-4023 .elementor-element.elementor-element-cadda07 > .elementor-motion-effects-container > .elementor-motion-effects-layer{background-color:transparent;background-image:linear-gradient(180deg, var( --e-global-color-1165cb0 ) 0%, #f2295b 100%);}.elementor-4023 .elementor-element.elementor-element-cadda07 > .elementor-background-overlay{opacity:0.5;transition:background 0.3s, border-radius 0.3s, opacity 0.3s;}.elementor-4023 .elementor-element.elementor-element-cadda07{transition:background 0.3s, border 0.3s, border-radius 0.3s, box-shadow 0.3s;margin-top:0px;margin-bottom:0px;padding:210px 0px 091px 0px;}.elementor-bc-flex-widget .elementor-4023 .elementor-element.elementor-element-9bfef6b.elementor-column .elementor-widget-wrap{align-items:center;}.elementor-4023 .elementor-element.elementor-element-9bfef6b.elementor-column.elementor-element[data-element_type=\"column\"] > .elementor-widget-wrap.elementor-element-populated{align-content:center;align-items:center;}.elementor-4023 .elementor-element.elementor-element-9bfef6b.elementor-column > .elementor-widget-wrap{justify-content:center;}.elementor-4023 .elementor-element.elementor-element-9bfef6b > .elementor-element-populated{margin:0px 0px 0px 0px;--e-column-margin-right:0px;--e-column-margin-left:0px;padding:0px 15px 0px 15px;}.elementor-4023 .elementor-element.elementor-element-5b3b3c1 > .elementor-container > .elementor-column > .elementor-widget-wrap{align-content:center;align-items:center;}.elementor-4023 .elementor-element.elementor-element-5b3b3c1{transition:background 0.3s, border 0.3s, border-radius 0.3s, box-shadow 0.3s;margin-top:0px;margin-bottom:0px;padding:0px 0px 0px 0px;}.elementor-4023 .elementor-element.elementor-element-5b3b3c1 > .elementor-background-overlay{transition:background 0.3s, border-radius 0.3s, opacity 0.3s;}.elementor-4023 .elementor-element.elementor-element-deaf663 > .elementor-element-populated{margin:0px 0px 0px 0px;--e-column-margin-right:0px;--e-column-margin-left:0px;padding:0px 0px 0px 0px;}.elementor-bc-flex-widget .elementor-4023 .elementor-element.elementor-element-6074cfc.elementor-column .elementor-widget-wrap{align-items:center;}.elementor-4023 .elementor-element.elementor-element-6074cfc.elementor-column.elementor-element[data-element_type=\"column\"] > .elementor-widget-wrap.elementor-element-populated{align-content:center;align-items:center;}.elementor-4023 .elementor-element.elementor-element-6074cfc.elementor-column > .elementor-widget-wrap{justify-content:center;}.elementor-4023 .elementor-element.elementor-element-6074cfc > .elementor-widget-wrap > .elementor-widget:not(.elementor-widget__width-auto):not(.elementor-widget__width-initial):not(:last-child):not(.elementor-absolute){margin-block-end:0px;}.elementor-4023 .elementor-element.elementor-element-6074cfc > .elementor-element-populated{margin:0px 0px 0px 0px;--e-column-margin-right:0px;--e-column-margin-left:0px;padding:0px 0px 0px 0px;}.elementor-4023 .elementor-element.elementor-element-71a1a9f img{width:806px;max-width:806px;}.elementor-4023 .elementor-element.elementor-element-71a1a9f > .elementor-widget-container{margin:0px 0px -2px 0px;padding:0px 0px 0px 0px;}.elementor-4023 .elementor-element.elementor-element-5517e7d > .elementor-element-populated{margin:0px 0px 0px 0px;--e-column-margin-right:0px;--e-column-margin-left:0px;padding:0px 0px 0px 0px;}:root{--page-title-display:none;}@media(max-width:1024px){.elementor-4023 .elementor-element.elementor-element-cadda07{padding:60px 15px 0px 15px;}.elementor-4023 .elementor-element.elementor-element-9bfef6b > .elementor-element-populated{padding:0px 0px 0px 0px;}.elementor-4023 .elementor-element.elementor-element-71a1a9f img{width:100%;max-width:100%;}.elementor-4023 .elementor-element.elementor-element-71a1a9f > .elementor-widget-container{margin:0px 0px -3px 0px;}}@media(max-width:767px){.elementor-4023 .elementor-element.elementor-element-cadda07{padding:60px 15px 0px 15px;}}@media(min-width:768px){.elementor-4023 .elementor-element.elementor-element-deaf663{width:15%;}.elementor-4023 .elementor-element.elementor-element-6074cfc{width:69.333%;}.elementor-4023 .elementor-element.elementor-element-5517e7d{width:15%;}}@media(max-width:1024px) and (min-width:768px){.elementor-4023 .elementor-element.elementor-element-6074cfc{width:100%;}}\/* Start custom CSS for shortcode, class: .elementor-element-b725ef4 *\/h1{ \n    font-family: \"Jost\", Sans-serif;\n    font-weight: 600;\n    color: #0D1557;\n    font-size: 70px;\n}\nh2{ \n    font-family: \"Jost\", Sans-serif;\n    font-weight: 600;\n    color: #0D1557;\n}\n\nli, p{\n    color: #000000;\n}\na{\n    font-weight: 600;\n    text-decoration: none;\n    color: #2977F2;\n}\/* End custom CSS *\/<\/style>\t\t<div data-elementor-type=\"wp-page\" data-elementor-id=\"4023\" class=\"elementor elementor-4023\" data-elementor-post-type=\"page\">\n\t\t\t\t\t\t<section class=\"elementor-section elementor-top-section elementor-element elementor-element-cadda07 elementor-section-content-middle elementor-section-boxed elementor-section-height-default elementor-section-height-default\" data-id=\"cadda07\" data-element_type=\"section\" data-e-type=\"section\" data-settings=\"{&quot;background_background&quot;:&quot;gradient&quot;}\">\n\t\t\t\t\t\t\t<div class=\"elementor-background-overlay\"><\/div>\n\t\t\t\t\t\t\t<div class=\"elementor-container elementor-column-gap-default\">\n\t\t\t\t\t<div class=\"elementor-column elementor-col-100 elementor-top-column elementor-element elementor-element-9bfef6b\" data-id=\"9bfef6b\" data-element_type=\"column\" data-e-type=\"column\">\n\t\t\t<div class=\"elementor-widget-wrap elementor-element-populated\">\n\t\t\t\t\t\t<section class=\"elementor-section elementor-inner-section elementor-element elementor-element-5b3b3c1 elementor-section-content-middle elementor-section-boxed elementor-section-height-default elementor-section-height-default\" data-id=\"5b3b3c1\" data-element_type=\"section\" data-e-type=\"section\" data-settings=\"{&quot;background_background&quot;:&quot;classic&quot;}\">\n\t\t\t\t\t\t<div class=\"elementor-container elementor-column-gap-default\">\n\t\t\t\t\t<div class=\"elementor-column elementor-col-33 elementor-inner-column elementor-element elementor-element-deaf663\" data-id=\"deaf663\" data-element_type=\"column\" data-e-type=\"column\">\n\t\t\t<div class=\"elementor-widget-wrap\">\n\t\t\t\t\t\t\t<\/div>\n\t\t<\/div>\n\t\t\t\t<div class=\"elementor-column elementor-col-33 elementor-inner-column elementor-element elementor-element-6074cfc\" data-id=\"6074cfc\" data-element_type=\"column\" data-e-type=\"column\">\n\t\t\t<div class=\"elementor-widget-wrap elementor-element-populated\">\n\t\t\t\t\t\t<div class=\"elementor-element elementor-element-b725ef4 elementor-widget elementor-widget-shortcode\" data-id=\"b725ef4\" data-element_type=\"widget\" data-e-type=\"widget\" data-widget_type=\"shortcode.default\">\n\t\t\t\t<div class=\"elementor-widget-container\">\n\t\t\t\t\t\t\t<div class=\"elementor-shortcode\">\r\n<div class=\"merci-page\">\r\n            <!-- VERSION FRAN\u00c7AISE -->\r\n        <h1>Demande re\u00e7ue,  !<\/h1>\r\n        <p>Nous avons bien re\u00e7u votre demande de cr\u00e9ation d'entreprise en <strong><\/strong>.<\/p>\r\n        \r\n        <div class=\"prochaines-etapes\">\r\n            <h2>Prochaines \u00e9tapes :<\/h2>\r\n            <ul>\r\n                <li>Nous vous contacterons sous 24h par e-mail pour d\u00e9finir un rendez-vous t\u00e9l\u00e9phonique ou visioconf\u00e9rence<\/li>\r\n                <li>Notre \u00e9quipe va examiner votre projet<\/li>\r\n                <li>Nous vous proposerons un audit complet et un devis personnalis\u00e9<\/li>\r\n            <\/ul>\r\n        <\/div>\r\n        <br>\r\n        <div class=\"contact-info\">\r\n            <p><strong>Une urgence ?<\/strong> Contactez-nous par email : <a href=\"mailto:contact@rahizi.org\">\ud83d\udce7 contact@rahizi.org<\/a><\/p> \r\n        <\/div>\r\n        \r\n    <\/div>\r\n\r\n<style>\r\n.merci-page {\r\n    font-family: 'Segoe UI', Tahoma, Geneva, Verdana, sans-serif;\r\n    max-width: 800px;\r\n    margin: 0 auto;\r\n    padding: 40px 20px;\r\n}\r\n\r\n.merci-page h1 {\r\n    color: #2c3e50;\r\n    text-align: center;\r\n    margin-bottom: 20px;\r\n}\r\n\r\n.merci-page h2 {\r\n    color: #34495e;\r\n    margin-top: 30px;\r\n    margin-bottom: 15px;\r\n}\r\n\r\n.merci-page p {\r\n    color: #34495e;\r\n    line-height: 1.6;\r\n    margin-bottom: 15px;\r\n}\r\n\r\n.merci-page ul {\r\n    color: #34495e;\r\n    line-height: 1.6;\r\n}\r\n\r\n.merci-page li {\r\n    margin-bottom: 8px;\r\n}\r\n\r\n.contact-info {\r\n    background-color: #f8f9fa;\r\n    padding: 20px;\r\n    border-left: 4px solid #007bff;\r\n    border-radius: 5px;\r\n    margin-top: 20px;\r\n}\r\n\r\n.contact-info a {\r\n    color: #007bff;\r\n    text-decoration: none;\r\n}\r\n\r\n.contact-info a:hover {\r\n    text-decoration: underline;\r\n}\r\n\r\n@media (max-width: 768px) {\r\n    .merci-page {\r\n        padding: 20px 10px;\r\n    }\r\n    \r\n    .merci-page h1 {\r\n        font-size: 1.8rem;\r\n    }\r\n}\r\n<\/style><\/div>\n\t\t\t\t\t\t<\/div>\n\t\t\t\t<\/div>\n\t\t\t\t<div class=\"elementor-element elementor-element-71a1a9f elementor-widget elementor-widget-image\" data-id=\"71a1a9f\" data-element_type=\"widget\" data-e-type=\"widget\" data-widget_type=\"image.default\">\n\t\t\t\t<div class=\"elementor-widget-container\">\n\t\t\t\t\t\t\t\t\t\t\t\t\t\t\t<img fetchpriority=\"high\" decoding=\"async\" width=\"1227\" height=\"595\" src=\"https:\/\/rahizi.org\/wp-content\/uploads\/2024\/01\/dashboard-with-man.png\" class=\"attachment-full size-full wp-image-225\" alt=\"\" srcset=\"https:\/\/rahizi.org\/wp-content\/uploads\/2024\/01\/dashboard-with-man.png 1227w, https:\/\/rahizi.org\/wp-content\/uploads\/2024\/01\/dashboard-with-man-300x145.png 300w, https:\/\/rahizi.org\/wp-content\/uploads\/2024\/01\/dashboard-with-man-1024x497.png 1024w, https:\/\/rahizi.org\/wp-content\/uploads\/2024\/01\/dashboard-with-man-768x372.png 768w, https:\/\/rahizi.org\/wp-content\/uploads\/2024\/01\/dashboard-with-man-18x9.png 18w\" sizes=\"(max-width: 1227px) 100vw, 1227px\" \/>\t\t\t\t\t\t\t\t\t\t\t\t\t\t\t<\/div>\n\t\t\t\t<\/div>\n\t\t\t\t\t<\/div>\n\t\t<\/div>\n\t\t\t\t<div class=\"elementor-column elementor-col-33 elementor-inner-column elementor-element elementor-element-5517e7d\" data-id=\"5517e7d\" data-element_type=\"column\" data-e-type=\"column\">\n\t\t\t<div class=\"elementor-widget-wrap\">\n\t\t\t\t\t\t\t<\/div>\n\t\t<\/div>\n\t\t\t\t\t<\/div>\n\t\t<\/section>\n\t\t\t\t\t<\/div>\n\t\t<\/div>\n\t\t\t\t\t<\/div>\n\t\t<\/section>\n\t\t\t\t<\/div>\n\t\t","protected":false},"excerpt":{"rendered":"","protected":false},"author":1,"featured_media":592,"parent":0,"menu_order":0,"comment_status":"closed","ping_status":"closed","template":"","meta":{"_yoast_wpseo_title":"","_yoast_wpseo_metadesc":"","footnotes":""},"class_list":["post-4023","page","type-page","status-publish","has-post-thumbnail","hentry"],"yoast_head":"<!-- This site is optimized with the Yoast SEO plugin v27.4 - https:\/\/yoast.com\/product\/yoast-seo-wordpress\/ -->\n<title>Demande re\u00e7ue ! - Rahizi.org<\/title>\n<meta name=\"robots\" content=\"index, follow, max-snippet:-1, max-image-preview:large, max-video-preview:-1\" \/>\n<link rel=\"canonical\" href=\"https:\/\/rahizi.org\/da\/thank-you\/\" \/>\n<meta property=\"og:locale\" content=\"da_DK\" \/>\n<meta property=\"og:type\" content=\"article\" \/>\n<meta property=\"og:title\" content=\"Demande re\u00e7ue ! - Rahizi.org\" \/>\n<meta property=\"og:url\" content=\"https:\/\/rahizi.org\/da\/thank-you\/\" \/>\n<meta property=\"og:site_name\" content=\"Rahizi.org\" \/>\n<meta property=\"article:modified_time\" content=\"2025-09-12T20:46:33+00:00\" \/>\n<meta property=\"og:image\" content=\"http:\/\/rahizi.org\/wp-content\/uploads\/2024\/01\/cropped-RAHIZI-LOGOTYPE-2.png\" \/>\n\t<meta property=\"og:image:width\" content=\"512\" \/>\n\t<meta property=\"og:image:height\" content=\"512\" \/>\n\t<meta property=\"og:image:type\" content=\"image\/png\" \/>\n<meta name=\"twitter:card\" content=\"summary_large_image\" \/>\n<meta name=\"twitter:label1\" content=\"Estimeret l\u00e6setid\" \/>\n\t<meta name=\"twitter:data1\" content=\"1 minut\" \/>\n<script type=\"application\/ld+json\" class=\"yoast-schema-graph\">{\"@context\":\"https:\\\/\\\/schema.org\",\"@graph\":[{\"@type\":\"WebPage\",\"@id\":\"https:\\\/\\\/rahizi.org\\\/thank-you\\\/\",\"url\":\"https:\\\/\\\/rahizi.org\\\/thank-you\\\/\",\"name\":\"Demande re\u00e7ue ! - Rahizi.org\",\"isPartOf\":{\"@id\":\"https:\\\/\\\/rahizi.org\\\/#website\"},\"primaryImageOfPage\":{\"@id\":\"https:\\\/\\\/rahizi.org\\\/thank-you\\\/#primaryimage\"},\"image\":{\"@id\":\"https:\\\/\\\/rahizi.org\\\/thank-you\\\/#primaryimage\"},\"thumbnailUrl\":\"https:\\\/\\\/rahizi.org\\\/wp-content\\\/uploads\\\/2024\\\/01\\\/cropped-RAHIZI-LOGOTYPE-2.png\",\"datePublished\":\"2025-09-12T18:29:01+00:00\",\"dateModified\":\"2025-09-12T20:46:33+00:00\",\"breadcrumb\":{\"@id\":\"https:\\\/\\\/rahizi.org\\\/thank-you\\\/#breadcrumb\"},\"inLanguage\":\"da-DK\",\"potentialAction\":[{\"@type\":\"ReadAction\",\"target\":[\"https:\\\/\\\/rahizi.org\\\/thank-you\\\/\"]}]},{\"@type\":\"ImageObject\",\"inLanguage\":\"da-DK\",\"@id\":\"https:\\\/\\\/rahizi.org\\\/thank-you\\\/#primaryimage\",\"url\":\"https:\\\/\\\/rahizi.org\\\/wp-content\\\/uploads\\\/2024\\\/01\\\/cropped-RAHIZI-LOGOTYPE-2.png\",\"contentUrl\":\"https:\\\/\\\/rahizi.org\\\/wp-content\\\/uploads\\\/2024\\\/01\\\/cropped-RAHIZI-LOGOTYPE-2.png\",\"width\":512,\"height\":512,\"caption\":\"RAHIZI - Cr\u00e9er Votre Entreprise en Afrique ou au Moyen-Orient en Ligne en 1h\"},{\"@type\":\"BreadcrumbList\",\"@id\":\"https:\\\/\\\/rahizi.org\\\/thank-you\\\/#breadcrumb\",\"itemListElement\":[{\"@type\":\"ListItem\",\"position\":1,\"name\":\"Accueil\",\"item\":\"https:\\\/\\\/rahizi.org\\\/\"},{\"@type\":\"ListItem\",\"position\":2,\"name\":\"Demande re\u00e7ue !\"}]},{\"@type\":\"WebSite\",\"@id\":\"https:\\\/\\\/rahizi.org\\\/#website\",\"url\":\"https:\\\/\\\/rahizi.org\\\/\",\"name\":\"Rahizi.org\",\"description\":\"Cr\u00e9ez votre Entreprise en Afrique ou au Moyen-Orient en Ligne en 1h\",\"publisher\":{\"@id\":\"https:\\\/\\\/rahizi.org\\\/#organization\"},\"potentialAction\":[{\"@type\":\"SearchAction\",\"target\":{\"@type\":\"EntryPoint\",\"urlTemplate\":\"https:\\\/\\\/rahizi.org\\\/?s={search_term_string}\"},\"query-input\":{\"@type\":\"PropertyValueSpecification\",\"valueRequired\":true,\"valueName\":\"search_term_string\"}}],\"inLanguage\":\"da-DK\"},{\"@type\":\"Organization\",\"@id\":\"https:\\\/\\\/rahizi.org\\\/#organization\",\"name\":\"Rahizi.org\",\"url\":\"https:\\\/\\\/rahizi.org\\\/\",\"logo\":{\"@type\":\"ImageObject\",\"inLanguage\":\"da-DK\",\"@id\":\"https:\\\/\\\/rahizi.org\\\/#\\\/schema\\\/logo\\\/image\\\/\",\"url\":\"https:\\\/\\\/rahizi.org\\\/wp-content\\\/uploads\\\/2023\\\/12\\\/RAHIZI-LOGOTYPE-SLOGAN.png\",\"contentUrl\":\"https:\\\/\\\/rahizi.org\\\/wp-content\\\/uploads\\\/2023\\\/12\\\/RAHIZI-LOGOTYPE-SLOGAN.png\",\"width\":1000,\"height\":1000,\"caption\":\"Rahizi.org\"},\"image\":{\"@id\":\"https:\\\/\\\/rahizi.org\\\/#\\\/schema\\\/logo\\\/image\\\/\"}}]}<\/script>\n<!-- \/ Yoast SEO plugin. -->","yoast_head_json":{"title":"Demande re\u00e7ue ! - Rahizi.org","robots":{"index":"index","follow":"follow","max-snippet":"max-snippet:-1","max-image-preview":"max-image-preview:large","max-video-preview":"max-video-preview:-1"},"canonical":"https:\/\/rahizi.org\/da\/thank-you\/","og_locale":"da_DK","og_type":"article","og_title":"Demande re\u00e7ue ! - Rahizi.org","og_url":"https:\/\/rahizi.org\/da\/thank-you\/","og_site_name":"Rahizi.org","article_modified_time":"2025-09-12T20:46:33+00:00","og_image":[{"width":512,"height":512,"url":"http:\/\/rahizi.org\/wp-content\/uploads\/2024\/01\/cropped-RAHIZI-LOGOTYPE-2.png","type":"image\/png"}],"twitter_card":"summary_large_image","twitter_misc":{"Estimeret l\u00e6setid":"1 minut"},"schema":{"@context":"https:\/\/schema.org","@graph":[{"@type":"WebPage","@id":"https:\/\/rahizi.org\/thank-you\/","url":"https:\/\/rahizi.org\/thank-you\/","name":"Demande re\u00e7ue ! - Rahizi.org","isPartOf":{"@id":"https:\/\/rahizi.org\/#website"},"primaryImageOfPage":{"@id":"https:\/\/rahizi.org\/thank-you\/#primaryimage"},"image":{"@id":"https:\/\/rahizi.org\/thank-you\/#primaryimage"},"thumbnailUrl":"https:\/\/rahizi.org\/wp-content\/uploads\/2024\/01\/cropped-RAHIZI-LOGOTYPE-2.png","datePublished":"2025-09-12T18:29:01+00:00","dateModified":"2025-09-12T20:46:33+00:00","breadcrumb":{"@id":"https:\/\/rahizi.org\/thank-you\/#breadcrumb"},"inLanguage":"da-DK","potentialAction":[{"@type":"ReadAction","target":["https:\/\/rahizi.org\/thank-you\/"]}]},{"@type":"ImageObject","inLanguage":"da-DK","@id":"https:\/\/rahizi.org\/thank-you\/#primaryimage","url":"https:\/\/rahizi.org\/wp-content\/uploads\/2024\/01\/cropped-RAHIZI-LOGOTYPE-2.png","contentUrl":"https:\/\/rahizi.org\/wp-content\/uploads\/2024\/01\/cropped-RAHIZI-LOGOTYPE-2.png","width":512,"height":512,"caption":"RAHIZI - Cr\u00e9er Votre Entreprise en Afrique ou au Moyen-Orient en Ligne en 1h"},{"@type":"BreadcrumbList","@id":"https:\/\/rahizi.org\/thank-you\/#breadcrumb","itemListElement":[{"@type":"ListItem","position":1,"name":"Accueil","item":"https:\/\/rahizi.org\/"},{"@type":"ListItem","position":2,"name":"Demande re\u00e7ue !"}]},{"@type":"WebSite","@id":"https:\/\/rahizi.org\/#website","url":"https:\/\/rahizi.org\/","name":"Rahizi.org","description":"Cr\u00e9ez votre Entreprise en Afrique ou au Moyen-Orient en Ligne en 1h","publisher":{"@id":"https:\/\/rahizi.org\/#organization"},"potentialAction":[{"@type":"SearchAction","target":{"@type":"EntryPoint","urlTemplate":"https:\/\/rahizi.org\/?s={search_term_string}"},"query-input":{"@type":"PropertyValueSpecification","valueRequired":true,"valueName":"search_term_string"}}],"inLanguage":"da-DK"},{"@type":"Organization","@id":"https:\/\/rahizi.org\/#organization","name":"Rahizi.org","url":"https:\/\/rahizi.org\/","logo":{"@type":"ImageObject","inLanguage":"da-DK","@id":"https:\/\/rahizi.org\/#\/schema\/logo\/image\/","url":"https:\/\/rahizi.org\/wp-content\/uploads\/2023\/12\/RAHIZI-LOGOTYPE-SLOGAN.png","contentUrl":"https:\/\/rahizi.org\/wp-content\/uploads\/2023\/12\/RAHIZI-LOGOTYPE-SLOGAN.png","width":1000,"height":1000,"caption":"Rahizi.org"},"image":{"@id":"https:\/\/rahizi.org\/#\/schema\/logo\/image\/"}}]}},"jetpack_sharing_enabled":true,"_links":{"self":[{"href":"https:\/\/rahizi.org\/da\/wp-json\/wp\/v2\/pages\/4023","targetHints":{"allow":["GET"]}}],"collection":[{"href":"https:\/\/rahizi.org\/da\/wp-json\/wp\/v2\/pages"}],"about":[{"href":"https:\/\/rahizi.org\/da\/wp-json\/wp\/v2\/types\/page"}],"author":[{"embeddable":true,"href":"https:\/\/rahizi.org\/da\/wp-json\/wp\/v2\/users\/1"}],"replies":[{"embeddable":true,"href":"https:\/\/rahizi.org\/da\/wp-json\/wp\/v2\/comments?post=4023"}],"version-history":[{"count":10,"href":"https:\/\/rahizi.org\/da\/wp-json\/wp\/v2\/pages\/4023\/revisions"}],"predecessor-version":[{"id":4044,"href":"https:\/\/rahizi.org\/da\/wp-json\/wp\/v2\/pages\/4023\/revisions\/4044"}],"wp:featuredmedia":[{"embeddable":true,"href":"https:\/\/rahizi.org\/da\/wp-json\/wp\/v2\/media\/592"}],"wp:attachment":[{"href":"https:\/\/rahizi.org\/da\/wp-json\/wp\/v2\/media?parent=4023"}],"curies":[{"name":"wp","href":"https:\/\/api.w.org\/{rel}","templated":true}]}}