{"id":3,"date":"2023-11-27T22:33:38","date_gmt":"2023-11-27T21:33:38","guid":{"rendered":"http:\/\/rahizi.org\/?page_id=3"},"modified":"2024-01-02T00:19:51","modified_gmt":"2024-01-01T23:19:51","slug":"politique-de-confidentialite-mentions-legales","status":"publish","type":"page","link":"https:\/\/rahizi.org\/hi\/politique-de-confidentialite-mentions-legales\/","title":{"rendered":"Politique de confidentialit\u00e9 &amp; Mentions L\u00e9gales"},"content":{"rendered":"<div data-elementor-type=\"wp-page\" data-elementor-id=\"3\" class=\"elementor elementor-3\" data-elementor-post-type=\"page\">\n\t\t\t\t\t\t<section class=\"elementor-section elementor-top-section elementor-element elementor-element-b47d8cf elementor-section-full_width elementor-section-content-middle elementor-section-height-default elementor-section-height-default\" data-id=\"b47d8cf\" data-element_type=\"section\" data-settings=\"{&quot;background_background&quot;:&quot;gradient&quot;}\">\n\t\t\t\t\t\t\t<div class=\"elementor-background-overlay\"><\/div>\n\t\t\t\t\t\t\t<div class=\"elementor-container elementor-column-gap-default\">\n\t\t\t\t\t<div class=\"elementor-column elementor-col-100 elementor-top-column elementor-element elementor-element-ebcc0cd\" data-id=\"ebcc0cd\" data-element_type=\"column\" data-settings=\"{&quot;background_background&quot;:&quot;classic&quot;}\">\n\t\t\t<div class=\"elementor-widget-wrap elementor-element-populated\">\n\t\t\t\t\t\t<section class=\"elementor-section elementor-inner-section elementor-element elementor-element-5621741 elementor-section-content-middle elementor-section-boxed elementor-section-height-default elementor-section-height-default\" data-id=\"5621741\" data-element_type=\"section\">\n\t\t\t\t\t\t<div class=\"elementor-container elementor-column-gap-default\">\n\t\t\t\t\t<div class=\"elementor-column elementor-col-50 elementor-inner-column elementor-element elementor-element-34a1e71\" data-id=\"34a1e71\" data-element_type=\"column\">\n\t\t\t<div class=\"elementor-widget-wrap elementor-element-populated\">\n\t\t\t\t\t\t<div class=\"elementor-element elementor-element-df59d77 elementor-widget elementor-widget-heading\" data-id=\"df59d77\" data-element_type=\"widget\" data-widget_type=\"heading.default\">\n\t\t\t\t<div class=\"elementor-widget-container\">\n\t\t\t\t\t<h1 class=\"elementor-heading-title elementor-size-default\">Politique de confidentialit\u00e9 &amp; Mentions L\u00e9gales<\/h1>\t\t\t\t<\/div>\n\t\t\t\t<\/div>\n\t\t\t\t\t<\/div>\n\t\t<\/div>\n\t\t\t\t<div class=\"elementor-column elementor-col-50 elementor-inner-column elementor-element elementor-element-12d363f\" data-id=\"12d363f\" data-element_type=\"column\">\n\t\t\t<div class=\"elementor-widget-wrap\">\n\t\t\t\t\t\t\t<\/div>\n\t\t<\/div>\n\t\t\t\t\t<\/div>\n\t\t<\/section>\n\t\t\t\t\t<\/div>\n\t\t<\/div>\n\t\t\t\t\t<\/div>\n\t\t<\/section>\n\t\t<div class=\"elementor-element elementor-element-7a2ebac8 e-flex e-con-boxed e-con e-parent\" data-id=\"7a2ebac8\" data-element_type=\"container\">\n\t\t\t\t\t<div class=\"e-con-inner\">\n\t\t\t\t<div class=\"elementor-element elementor-element-7ce93e9e elementor-widget elementor-widget-text-editor\" data-id=\"7ce93e9e\" data-element_type=\"widget\" data-widget_type=\"text-editor.default\">\n\t\t\t\t<div class=\"elementor-widget-container\">\n\t\t\t\t\t\t\t\t\t\n<h2 class=\"wp-block-heading\">Qui sommes-nous&nbsp;? &#8211; Mentions L\u00e9gales<\/h2>\n\n\n\n<p>L\u2019adresse de notre site Web est&nbsp;: https:\/\/rahizi.org et appartient RAHIZI domicili\u00e9e au 7 All\u00e9e Pierre Auguste Renoir 77270 Villeparisis et d\u00e9velopp\u00e9e par K2B AGENCY.<\/p>\n\n\n\n<p>Contacts : contact@rahizi.org. <\/p>\n\n\n\n<h2 class=\"wp-block-heading\">Utilisation des donn\u00e9es personnelles collect\u00e9es<\/h2>\n\n\n\n<h3 class=\"wp-block-heading\">Commentaires<\/h3>\n\n\n\n<p>Quand vous laissez un commentaire sur notre site web, les donn\u00e9es inscrites dans le formulaire de commentaire, mais aussi votre adresse IP et l\u2019agent utilisateur de votre navigateur sont collect\u00e9s pour nous aider \u00e0 la d\u00e9tection des commentaires ind\u00e9sirables.<\/p>\n\n\n\n<p>Une cha\u00eene anonymis\u00e9e cr\u00e9\u00e9e \u00e0 partir de votre adresse de messagerie (\u00e9galement appel\u00e9e hash) peut \u00eatre envoy\u00e9e au service Gravatar pour v\u00e9rifier si vous utilisez ce dernier. Les clauses de confidentialit\u00e9 du service Gravatar sont disponibles ici&nbsp;: https:\/\/automattic.com\/privacy\/. Apr\u00e8s validation de votre commentaire, votre photo de profil sera visible publiquement \u00e0 cot\u00e9 de votre commentaire.<\/p>\n\n\n\n<h3 class=\"wp-block-heading\">M\u00e9dias<\/h3>\n\n\n\n<p>Si vous \u00eates un utilisateur ou une utilisatrice enregistr\u00e9\u00b7e et que vous t\u00e9l\u00e9versez des images sur le site web, nous vous conseillons d\u2019\u00e9viter de t\u00e9l\u00e9verser des images contenant des donn\u00e9es EXIF de coordonn\u00e9es GPS. Les visiteurs de votre site web peuvent t\u00e9l\u00e9charger et extraire des donn\u00e9es de localisation depuis ces images.<\/p>\n\n\n\n<h3 class=\"wp-block-heading\">Formulaires de contact<\/h3>\n\n\n\n<h3 class=\"wp-block-heading\">Cookies<\/h3>\n\n\n\n<p>Si vous d\u00e9posez un commentaire sur notre site, il vous sera propos\u00e9 d\u2019enregistrer votre nom, adresse de messagerie et site web dans des cookies. C\u2019est uniquement pour votre confort afin de ne pas avoir \u00e0 saisir ces informations si vous d\u00e9posez un autre commentaire plus tard. Ces cookies expirent au bout d\u2019un an.<\/p>\n\n\n\n<p>Si vous avez un compte et que vous vous connectez sur ce site, un cookie temporaire sera cr\u00e9\u00e9 afin de d\u00e9terminer si votre navigateur accepte les cookies. Il ne contient pas de donn\u00e9es personnelles et sera supprim\u00e9 automatiquement \u00e0 la fermeture de votre navigateur.<\/p>\n\n\n\n<p>Lorsque vous vous connecterez, nous mettrons en place un certain nombre de cookies pour enregistrer vos informations de connexion et vos pr\u00e9f\u00e9rences d\u2019\u00e9cran. La dur\u00e9e de vie d\u2019un cookie de connexion est de deux jours, celle d\u2019un cookie d\u2019option d\u2019\u00e9cran est d\u2019un an. Si vous cochez \u00ab&nbsp;Se souvenir de moi&nbsp;\u00bb, votre cookie de connexion sera conserv\u00e9 pendant deux semaines. Si vous vous d\u00e9connectez de votre compte, le cookie de connexion sera effac\u00e9.<\/p>\n\n\n\n<p>En modifiant ou en publiant une publication, un cookie suppl\u00e9mentaire sera enregistr\u00e9 dans votre navigateur. Ce cookie ne comprend aucune donn\u00e9e personnelle. Il indique simplement l\u2019ID de la publication que vous venez de modifier. Il expire au bout d\u2019un jour.<\/p>\n\n\n\n<p>De plus, le site utilise Google Analytics, un service d\u2019analyse de site Internet fourni par Google Inc. (ci-apr\u00e8s \u00ab Google \u00bb). Google Analytics utilise des cookies&nbsp; pour aider RAHIZI et l\u2019h\u00e9bergeur \u00e0 analyser l\u2019utilisation du Site par ses utilisateurs. Les donn\u00e9es g\u00e9n\u00e9r\u00e9es par les cookies concernant votre utilisation du Site (y compris votre adresse IP) seront transmises et stock\u00e9es par Google sur des serveurs situ\u00e9s aux Etats-Unis. Google utilisera cette information dans le but d\u2019\u00e9valuer votre utilisation du Site, de compiler des rapports sur l\u2019activit\u00e9 du Site \u00e0 destination de RAHIZI et de l\u2019h\u00e9bergeur et de fournir d\u2019autres services relatifs \u00e0 l\u2019activit\u00e9 du site et \u00e0 l\u2019utilisation d\u2019Internet. Google est susceptible de communiquer ces donn\u00e9es \u00e0 des tiers en cas d\u2019obligation l\u00e9gale ou lorsque ces tiers traitent ces donn\u00e9es pour le compte de Google, y compris notamment RAHIZI, l\u2019\u00e9diteur du&nbsp; Site et \u00e0 l\u2019h\u00e9bergeur. Google ne recoupera pas votre adresse IP avec toute autre donn\u00e9e d\u00e9tenue par Google. En utilisant le Site, vous consentez express\u00e9ment au traitement de vos donn\u00e9es nominatives par Google dans les conditions et pour les finalit\u00e9s d\u00e9crites ci-dessus.<\/p>\n\n\n\n<p>Nous vous informons que vous pouvez vous opposer \u00e0 l\u2019enregistrement de cookies en configurant votre navigateur de la mani\u00e8re suivante :<\/p>\n\n\n\n<h4 class=\"wp-block-heading\">Pour Microsoft Internet Explorer 7.0 et suivant :<\/h4>\n\n\n\n<ol class=\"wp-block-list\"><li>Dans la barre de menu, choisir le menu outils ;<\/li><li>Dans le menu d\u00e9roulant, choisir options internet ;<\/li><li>Cliquer sur l\u2019onglet confidentialit\u00e9 ;<\/li><li>Cliquer sur le bouton avanc\u00e9 de la section param\u00e8tres ;<\/li><li>Dans la fen\u00eatre param\u00e8tres de confidentialit\u00e9 avanc\u00e9s v\u00e9rifier que l\u2019option ignorer la gestion automatique des cookies n&rsquo;est pas coch\u00e9e.<\/li><\/ol>\n\n\n\n<h4 class=\"wp-block-heading\">Pour Firefox \u00e0 partir de la version 12 :<\/h4>\n\n\n\n<ol class=\"wp-block-list\"><li>Dans la barre de menu, choisir le menu outils ;<\/li><li>Dans le menu d\u00e9roulant, choisir options ;<\/li><li>Cliquer sur l\u2019ic\u00f4ne vie priv\u00e9e ;<\/li><li>Cliquer sur le lien supprimer des cookies sp\u00e9cifiques ;<\/li><li>Dans la fen\u00eatre Cookies, cliquer sur le bouton Supprimer tous les cookies.<\/li><\/ol>\n\n\n\n<h4 class=\"wp-block-heading\">Pour Op\u00e9ra \u00e0 partir de la version 11 :<\/h4>\n\n\n\n<ol class=\"wp-block-list\"><li>Choisissez le menu ;<\/li><li>Dans la liste, choisir r\u00e9glages puis supprimer les informations priv\u00e9es\u2026 ;<\/li><li>Cliquer sur le bouton supprimer.<\/li><\/ol>\n\n\n\n<h4 class=\"wp-block-heading\">Pour Google Chrome :<\/h4>\n\n\n\n<ol class=\"wp-block-list\"><li>Cliquer sur l\u2019ic\u00f4ne Personnaliser et configurer Google Chrome ;<\/li><li>Choisir dans la liste Param\u00e8tres ;<\/li><li>Cliquer sur Afficher les param\u00e8tres avanc\u00e9s\u2026 ;<\/li><li>Cliquer sur le bouton Param\u00e8tres de contenu ;<\/li><li>Cliquer sur le bouton Cookies et donn\u00e9es de site\u2026 ;<\/li><li>Cliquer sur le bouton Tout supprimer.<\/li><\/ol>\n\n\n\n<p>Nous vous informons n\u00e9anmoins que l\u2019acc\u00e8s \u00e0 certains services et rubriques du Site pourra \u00eatre alt\u00e9r\u00e9 voire impossible du fait de la suppression des cookies.<\/p>\n\n\n\n<h3 class=\"wp-block-heading\">Contenu embarqu\u00e9 depuis d\u2019autres sites<\/h3>\n\n\n\n<p>Les articles de ce site peuvent inclure des contenus int\u00e9gr\u00e9s (par exemple des vid\u00e9os, images, articles\u2026). Le contenu int\u00e9gr\u00e9 depuis d\u2019autres sites se comporte de la m\u00eame mani\u00e8re que si le visiteur se rendait sur cet autre site.<\/p>\n\n\n\n<p>Ces sites web pourraient collecter des donn\u00e9es sur vous, utiliser des cookies, embarquer des outils de suivis tiers, suivre vos interactions avec ces contenus embarqu\u00e9s si vous disposez d\u2019un compte connect\u00e9 sur leur site web.<\/p>\n\n\n\n<h3 class=\"wp-block-heading\">Statistiques et mesures d\u2019audience<\/h3>\n\n\n\n<h2 class=\"wp-block-heading\">Utilisation et transmission de vos donn\u00e9es personnelles<\/h2>\n\n\n\n<h2 class=\"wp-block-heading\">Dur\u00e9es de stockage de vos donn\u00e9es<\/h2>\n\n\n\n<p>Si vous laissez un commentaire, le commentaire et ses m\u00e9tadonn\u00e9es sont conserv\u00e9s ind\u00e9finiment. Cela permet de reconna\u00eetre et approuver automatiquement les commentaires suivants au lieu de les laisser dans la file de mod\u00e9ration.<\/p>\n\n\n\n<p>Pour les utilisateurs et utilisatrices qui s\u2019enregistrent sur notre site (si cela est possible), nous stockons \u00e9galement les donn\u00e9es personnelles indiqu\u00e9es dans leur profil. Tous les utilisateurs et utilisatrices peuvent voir, modifier ou supprimer leurs informations personnelles \u00e0 tout moment (\u00e0 l\u2019exception de leur nom d\u2019utilisateur\u00b7ice). Les gestionnaires du site peuvent aussi voir et modifier ces informations.<\/p>\n\n\n\n<h2 class=\"wp-block-heading\">Les droits que vous avez sur vos donn\u00e9es<\/h2>\n\n\n\n<p>Si vous avez un compte ou si vous avez laiss\u00e9 des commentaires sur le site, vous pouvez demander \u00e0 recevoir un fichier contenant toutes les donn\u00e9es personnelles que nous poss\u00e9dons \u00e0 votre sujet, incluant celles que vous nous avez fournies. Vous pouvez \u00e9galement demander la suppression des donn\u00e9es personnelles vous concernant. Cela ne prend pas en compte les donn\u00e9es stock\u00e9es \u00e0 des fins administratives, l\u00e9gales ou pour des raisons de s\u00e9curit\u00e9.<\/p>\n\n\n\n<h2 class=\"wp-block-heading\">Transmission de vos donn\u00e9es personnelles<\/h2>\n\n\n\n<p>Les commentaires des visiteurs peuvent \u00eatre v\u00e9rifi\u00e9s \u00e0 l\u2019aide d\u2019un service automatis\u00e9 de d\u00e9tection des commentaires ind\u00e9sirables.<\/p>\n\n\n\n<h2 class=\"wp-block-heading\">Informations de contact<\/h2>\n\n\n\n<p>Directeur de la publication : <br><strong>Concepteur du site<\/strong><br>Kevin Bilingi &#8211; K2B AGENCY<br>Si\u00e8ge social : 7 All\u00e9e Pierre Auguste Renoir &#8211; 77270 Villeparisis &#8211; France<br>SIREN : 832 615 587<br>0652664155 &#8211; kevin.bilingi.pro@gmail.com<\/p>\n\n\n\n<p><strong>H\u00e9bergement du site<br><\/strong>OVH<br>SAS au capital de 10 069 020 \u20ac<br>RCS Lille M\u00e9tropole 424 761 419 00045<br>Code APE 2620Z<br>N\u00b0 TVA : FR 22 424 761 419<br>Si\u00e8ge social : 2 rue Kellermann &#8211; 59100 Roubaix &#8211; France<\/p>\n\t\t\t\t\t\t\t\t<\/div>\n\t\t\t\t<\/div>\n\t\t\t\t\t<\/div>\n\t\t\t\t<\/div>\n\t\t\t\t<\/div>","protected":false},"excerpt":{"rendered":"<p>Qui sommes-nous&nbsp;? &#8211; Mentions L\u00e9gales L\u2019adresse de notre site Web est&nbsp;: https:\/\/rahizi.org et appartient RAHIZI domicili\u00e9e au 7 All\u00e9e Pierre Auguste Renoir 77270 Villeparisis et d\u00e9velopp\u00e9e par K2B AGENCY. Contacts : contact@rahizi.org. Utilisation des donn\u00e9es personnelles collect\u00e9es Commentaires Quand vous laissez un commentaire sur notre site web, les donn\u00e9es inscrites dans le formulaire de commentaire, [&hellip;]<\/p>","protected":false},"author":1,"featured_media":289,"parent":0,"menu_order":0,"comment_status":"closed","ping_status":"open","template":"","meta":{"footnotes":""},"class_list":["post-3","page","type-page","status-publish","has-post-thumbnail","hentry"],"yoast_head":"<!-- This site is optimized with the Yoast SEO plugin v25.4 - https:\/\/yoast.com\/wordpress\/plugins\/seo\/ -->\n<title>Politique de confidentialit\u00e9 &amp; Mentions L\u00e9gales - Cr\u00e9er Entreprise en Afrique ou Moyen-Orient<\/title>\n<meta name=\"description\" content=\"Facilitez-vous la cr\u00e9ation de votre entreprise au Moyen-Orient et en Afrique en ligne avec Rahizi. Cr\u00e9ez votre soci\u00e9t\u00e9 \u00e0 distance facilement, en ligne.\" \/>\n<meta name=\"robots\" content=\"index, follow, max-snippet:-1, max-image-preview:large, max-video-preview:-1\" \/>\n<link rel=\"canonical\" href=\"https:\/\/rahizi.org\/hi\/politique-de-confidentialite-mentions-legales\/\" \/>\n<meta property=\"og:locale\" content=\"hi_IN\" \/>\n<meta property=\"og:type\" content=\"article\" \/>\n<meta property=\"og:title\" content=\"Politique de confidentialit\u00e9 &amp; Mentions L\u00e9gales - Cr\u00e9er Entreprise en Afrique ou Moyen-Orient\" \/>\n<meta property=\"og:description\" content=\"Facilitez-vous la cr\u00e9ation de votre entreprise au Moyen-Orient et en Afrique en ligne avec Rahizi. Cr\u00e9ez votre soci\u00e9t\u00e9 \u00e0 distance facilement, en ligne.\" \/>\n<meta property=\"og:url\" content=\"https:\/\/rahizi.org\/hi\/politique-de-confidentialite-mentions-legales\/\" \/>\n<meta property=\"og:site_name\" content=\"Rahizi.org\" \/>\n<meta property=\"article:modified_time\" content=\"2024-01-01T23:19:51+00:00\" \/>\n<meta property=\"og:image\" content=\"https:\/\/rahizi.org\/wp-content\/uploads\/2024\/01\/RAHIZI-LOGOTYPE-2.png\" \/>\n\t<meta property=\"og:image:width\" content=\"1000\" \/>\n\t<meta property=\"og:image:height\" content=\"1000\" \/>\n\t<meta property=\"og:image:type\" content=\"image\/png\" \/>\n<meta name=\"twitter:card\" content=\"summary_large_image\" \/>\n<meta name=\"twitter:label1\" content=\"\u0905\u0928\u0941\u092e\u093e\u0928\u093f\u0924 \u092a\u0922\u093c\u0928\u0947 \u0915\u093e \u0938\u092e\u092f\" \/>\n\t<meta name=\"twitter:data1\" content=\"6 \u092e\u093f\u0928\u091f\" \/>\n<script type=\"application\/ld+json\" class=\"yoast-schema-graph\">{\"@context\":\"https:\/\/schema.org\",\"@graph\":[{\"@type\":\"WebPage\",\"@id\":\"https:\/\/rahizi.org\/politique-de-confidentialite-mentions-legales\/\",\"url\":\"https:\/\/rahizi.org\/politique-de-confidentialite-mentions-legales\/\",\"name\":\"Politique de confidentialit\u00e9 &amp; Mentions L\u00e9gales - Cr\u00e9er Entreprise en Afrique ou Moyen-Orient\",\"isPartOf\":{\"@id\":\"https:\/\/rahizi.org\/#website\"},\"primaryImageOfPage\":{\"@id\":\"https:\/\/rahizi.org\/politique-de-confidentialite-mentions-legales\/#primaryimage\"},\"image\":{\"@id\":\"https:\/\/rahizi.org\/politique-de-confidentialite-mentions-legales\/#primaryimage\"},\"thumbnailUrl\":\"https:\/\/rahizi.org\/wp-content\/uploads\/2024\/01\/RAHIZI-LOGOTYPE-2.png\",\"datePublished\":\"2023-11-27T21:33:38+00:00\",\"dateModified\":\"2024-01-01T23:19:51+00:00\",\"description\":\"Facilitez-vous la cr\u00e9ation de votre entreprise au Moyen-Orient et en Afrique en ligne avec Rahizi. Cr\u00e9ez votre soci\u00e9t\u00e9 \u00e0 distance facilement, en ligne.\",\"breadcrumb\":{\"@id\":\"https:\/\/rahizi.org\/politique-de-confidentialite-mentions-legales\/#breadcrumb\"},\"inLanguage\":\"hi-IN\",\"potentialAction\":[{\"@type\":\"ReadAction\",\"target\":[\"https:\/\/rahizi.org\/politique-de-confidentialite-mentions-legales\/\"]}]},{\"@type\":\"ImageObject\",\"inLanguage\":\"hi-IN\",\"@id\":\"https:\/\/rahizi.org\/politique-de-confidentialite-mentions-legales\/#primaryimage\",\"url\":\"https:\/\/rahizi.org\/wp-content\/uploads\/2024\/01\/RAHIZI-LOGOTYPE-2.png\",\"contentUrl\":\"https:\/\/rahizi.org\/wp-content\/uploads\/2024\/01\/RAHIZI-LOGOTYPE-2.png\",\"width\":1000,\"height\":1000,\"caption\":\"RAHIZI - Cr\u00e9er Votre Entreprise en Afrique ou au Moyen-Orient en Ligne en 1h\"},{\"@type\":\"BreadcrumbList\",\"@id\":\"https:\/\/rahizi.org\/politique-de-confidentialite-mentions-legales\/#breadcrumb\",\"itemListElement\":[{\"@type\":\"ListItem\",\"position\":1,\"name\":\"Accueil\",\"item\":\"https:\/\/rahizi.org\/\"},{\"@type\":\"ListItem\",\"position\":2,\"name\":\"Politique de confidentialit\u00e9 &amp; Mentions L\u00e9gales\"}]},{\"@type\":\"WebSite\",\"@id\":\"https:\/\/rahizi.org\/#website\",\"url\":\"https:\/\/rahizi.org\/\",\"name\":\"Rahizi.org\",\"description\":\"Cr\u00e9ez votre Entreprise en Afrique ou au Moyen-Orient en Ligne en 1h\",\"publisher\":{\"@id\":\"https:\/\/rahizi.org\/#organization\"},\"potentialAction\":[{\"@type\":\"SearchAction\",\"target\":{\"@type\":\"EntryPoint\",\"urlTemplate\":\"https:\/\/rahizi.org\/?s={search_term_string}\"},\"query-input\":{\"@type\":\"PropertyValueSpecification\",\"valueRequired\":true,\"valueName\":\"search_term_string\"}}],\"inLanguage\":\"hi-IN\"},{\"@type\":\"Organization\",\"@id\":\"https:\/\/rahizi.org\/#organization\",\"name\":\"Rahizi.org\",\"url\":\"https:\/\/rahizi.org\/\",\"logo\":{\"@type\":\"ImageObject\",\"inLanguage\":\"hi-IN\",\"@id\":\"https:\/\/rahizi.org\/#\/schema\/logo\/image\/\",\"url\":\"https:\/\/rahizi.org\/wp-content\/uploads\/2023\/12\/RAHIZI-LOGOTYPE-SLOGAN.png\",\"contentUrl\":\"https:\/\/rahizi.org\/wp-content\/uploads\/2023\/12\/RAHIZI-LOGOTYPE-SLOGAN.png\",\"width\":1000,\"height\":1000,\"caption\":\"Rahizi.org\"},\"image\":{\"@id\":\"https:\/\/rahizi.org\/#\/schema\/logo\/image\/\"}}]}<\/script>\n<!-- \/ Yoast SEO plugin. -->","yoast_head_json":{"title":"Politique de confidentialit\u00e9 &amp; Mentions L\u00e9gales - Cr\u00e9er Entreprise en Afrique ou Moyen-Orient","description":"Facilitez-vous la cr\u00e9ation de votre entreprise au Moyen-Orient et en Afrique en ligne avec Rahizi. Cr\u00e9ez votre soci\u00e9t\u00e9 \u00e0 distance facilement, en ligne.","robots":{"index":"index","follow":"follow","max-snippet":"max-snippet:-1","max-image-preview":"max-image-preview:large","max-video-preview":"max-video-preview:-1"},"canonical":"https:\/\/rahizi.org\/hi\/politique-de-confidentialite-mentions-legales\/","og_locale":"hi_IN","og_type":"article","og_title":"Politique de confidentialit\u00e9 &amp; Mentions L\u00e9gales - Cr\u00e9er Entreprise en Afrique ou Moyen-Orient","og_description":"Facilitez-vous la cr\u00e9ation de votre entreprise au Moyen-Orient et en Afrique en ligne avec Rahizi. Cr\u00e9ez votre soci\u00e9t\u00e9 \u00e0 distance facilement, en ligne.","og_url":"https:\/\/rahizi.org\/hi\/politique-de-confidentialite-mentions-legales\/","og_site_name":"Rahizi.org","article_modified_time":"2024-01-01T23:19:51+00:00","og_image":[{"width":1000,"height":1000,"url":"https:\/\/rahizi.org\/wp-content\/uploads\/2024\/01\/RAHIZI-LOGOTYPE-2.png","type":"image\/png"}],"twitter_card":"summary_large_image","twitter_misc":{"\u0905\u0928\u0941\u092e\u093e\u0928\u093f\u0924 \u092a\u0922\u093c\u0928\u0947 \u0915\u093e \u0938\u092e\u092f":"6 \u092e\u093f\u0928\u091f"},"schema":{"@context":"https:\/\/schema.org","@graph":[{"@type":"WebPage","@id":"https:\/\/rahizi.org\/politique-de-confidentialite-mentions-legales\/","url":"https:\/\/rahizi.org\/politique-de-confidentialite-mentions-legales\/","name":"Politique de confidentialit\u00e9 &amp; Mentions L\u00e9gales - Cr\u00e9er Entreprise en Afrique ou Moyen-Orient","isPartOf":{"@id":"https:\/\/rahizi.org\/#website"},"primaryImageOfPage":{"@id":"https:\/\/rahizi.org\/politique-de-confidentialite-mentions-legales\/#primaryimage"},"image":{"@id":"https:\/\/rahizi.org\/politique-de-confidentialite-mentions-legales\/#primaryimage"},"thumbnailUrl":"https:\/\/rahizi.org\/wp-content\/uploads\/2024\/01\/RAHIZI-LOGOTYPE-2.png","datePublished":"2023-11-27T21:33:38+00:00","dateModified":"2024-01-01T23:19:51+00:00","description":"Facilitez-vous la cr\u00e9ation de votre entreprise au Moyen-Orient et en Afrique en ligne avec Rahizi. Cr\u00e9ez votre soci\u00e9t\u00e9 \u00e0 distance facilement, en ligne.","breadcrumb":{"@id":"https:\/\/rahizi.org\/politique-de-confidentialite-mentions-legales\/#breadcrumb"},"inLanguage":"hi-IN","potentialAction":[{"@type":"ReadAction","target":["https:\/\/rahizi.org\/politique-de-confidentialite-mentions-legales\/"]}]},{"@type":"ImageObject","inLanguage":"hi-IN","@id":"https:\/\/rahizi.org\/politique-de-confidentialite-mentions-legales\/#primaryimage","url":"https:\/\/rahizi.org\/wp-content\/uploads\/2024\/01\/RAHIZI-LOGOTYPE-2.png","contentUrl":"https:\/\/rahizi.org\/wp-content\/uploads\/2024\/01\/RAHIZI-LOGOTYPE-2.png","width":1000,"height":1000,"caption":"RAHIZI - Cr\u00e9er Votre Entreprise en Afrique ou au Moyen-Orient en Ligne en 1h"},{"@type":"BreadcrumbList","@id":"https:\/\/rahizi.org\/politique-de-confidentialite-mentions-legales\/#breadcrumb","itemListElement":[{"@type":"ListItem","position":1,"name":"Accueil","item":"https:\/\/rahizi.org\/"},{"@type":"ListItem","position":2,"name":"Politique de confidentialit\u00e9 &amp; Mentions L\u00e9gales"}]},{"@type":"WebSite","@id":"https:\/\/rahizi.org\/#website","url":"https:\/\/rahizi.org\/","name":"Rahizi.org","description":"Cr\u00e9ez votre Entreprise en Afrique ou au Moyen-Orient en Ligne en 1h","publisher":{"@id":"https:\/\/rahizi.org\/#organization"},"potentialAction":[{"@type":"SearchAction","target":{"@type":"EntryPoint","urlTemplate":"https:\/\/rahizi.org\/?s={search_term_string}"},"query-input":{"@type":"PropertyValueSpecification","valueRequired":true,"valueName":"search_term_string"}}],"inLanguage":"hi-IN"},{"@type":"Organization","@id":"https:\/\/rahizi.org\/#organization","name":"Rahizi.org","url":"https:\/\/rahizi.org\/","logo":{"@type":"ImageObject","inLanguage":"hi-IN","@id":"https:\/\/rahizi.org\/#\/schema\/logo\/image\/","url":"https:\/\/rahizi.org\/wp-content\/uploads\/2023\/12\/RAHIZI-LOGOTYPE-SLOGAN.png","contentUrl":"https:\/\/rahizi.org\/wp-content\/uploads\/2023\/12\/RAHIZI-LOGOTYPE-SLOGAN.png","width":1000,"height":1000,"caption":"Rahizi.org"},"image":{"@id":"https:\/\/rahizi.org\/#\/schema\/logo\/image\/"}}]}},"jetpack_sharing_enabled":true,"_links":{"self":[{"href":"https:\/\/rahizi.org\/hi\/wp-json\/wp\/v2\/pages\/3","targetHints":{"allow":["GET"]}}],"collection":[{"href":"https:\/\/rahizi.org\/hi\/wp-json\/wp\/v2\/pages"}],"about":[{"href":"https:\/\/rahizi.org\/hi\/wp-json\/wp\/v2\/types\/page"}],"author":[{"embeddable":true,"href":"https:\/\/rahizi.org\/hi\/wp-json\/wp\/v2\/users\/1"}],"replies":[{"embeddable":true,"href":"https:\/\/rahizi.org\/hi\/wp-json\/wp\/v2\/comments?post=3"}],"version-history":[{"count":0,"href":"https:\/\/rahizi.org\/hi\/wp-json\/wp\/v2\/pages\/3\/revisions"}],"wp:featuredmedia":[{"embeddable":true,"href":"https:\/\/rahizi.org\/hi\/wp-json\/wp\/v2\/media\/289"}],"wp:attachment":[{"href":"https:\/\/rahizi.org\/hi\/wp-json\/wp\/v2\/media?parent=3"}],"curies":[{"name":"wp","href":"https:\/\/api.w.org\/{rel}","templated":true}]}}