{"id":421,"date":"2024-01-02T00:16:21","date_gmt":"2024-01-01T23:16:21","guid":{"rendered":"https:\/\/rahizi.org\/?page_id=421"},"modified":"2024-01-02T00:19:39","modified_gmt":"2024-01-01T23:19:39","slug":"politique-de-cookies","status":"publish","type":"page","link":"https:\/\/rahizi.org\/ko\/politique-de-cookies\/","title":{"rendered":"Politique de Cookies"},"content":{"rendered":"<div data-elementor-type=\"wp-page\" data-elementor-id=\"421\" class=\"elementor elementor-421\" data-elementor-post-type=\"page\">\n\t\t\t\t\t\t<section class=\"elementor-section elementor-top-section elementor-element elementor-element-bc50c03 elementor-section-full_width elementor-section-content-middle elementor-section-height-default elementor-section-height-default\" data-id=\"bc50c03\" data-element_type=\"section\" data-settings=\"{&quot;background_background&quot;:&quot;gradient&quot;}\">\n\t\t\t\t\t\t\t<div class=\"elementor-background-overlay\"><\/div>\n\t\t\t\t\t\t\t<div class=\"elementor-container elementor-column-gap-default\">\n\t\t\t\t\t<div class=\"elementor-column elementor-col-100 elementor-top-column elementor-element elementor-element-36d1a39\" data-id=\"36d1a39\" data-element_type=\"column\" data-settings=\"{&quot;background_background&quot;:&quot;classic&quot;}\">\n\t\t\t<div class=\"elementor-widget-wrap elementor-element-populated\">\n\t\t\t\t\t\t<section class=\"elementor-section elementor-inner-section elementor-element elementor-element-25b5995 elementor-section-content-middle elementor-section-boxed elementor-section-height-default elementor-section-height-default\" data-id=\"25b5995\" data-element_type=\"section\">\n\t\t\t\t\t\t<div class=\"elementor-container elementor-column-gap-default\">\n\t\t\t\t\t<div class=\"elementor-column elementor-col-50 elementor-inner-column elementor-element elementor-element-8055012\" data-id=\"8055012\" data-element_type=\"column\">\n\t\t\t<div class=\"elementor-widget-wrap elementor-element-populated\">\n\t\t\t\t\t\t<div class=\"elementor-element elementor-element-1e834d7 elementor-widget elementor-widget-heading\" data-id=\"1e834d7\" data-element_type=\"widget\" data-widget_type=\"heading.default\">\n\t\t\t\t<div class=\"elementor-widget-container\">\n\t\t\t\t\t<h1 class=\"elementor-heading-title elementor-size-default\">Politique de Cookies<\/h1>\t\t\t\t<\/div>\n\t\t\t\t<\/div>\n\t\t\t\t\t<\/div>\n\t\t<\/div>\n\t\t\t\t<div class=\"elementor-column elementor-col-50 elementor-inner-column elementor-element elementor-element-9256d01\" data-id=\"9256d01\" data-element_type=\"column\">\n\t\t\t<div class=\"elementor-widget-wrap\">\n\t\t\t\t\t\t\t<\/div>\n\t\t<\/div>\n\t\t\t\t\t<\/div>\n\t\t<\/section>\n\t\t\t\t\t<\/div>\n\t\t<\/div>\n\t\t\t\t\t<\/div>\n\t\t<\/section>\n\t\t<div class=\"elementor-element elementor-element-4076105 e-flex e-con-boxed e-con e-parent\" data-id=\"4076105\" data-element_type=\"container\">\n\t\t\t\t\t<div class=\"e-con-inner\">\n\t\t\t\t<div class=\"elementor-element elementor-element-a0b2c75 elementor-widget elementor-widget-text-editor\" data-id=\"a0b2c75\" data-element_type=\"widget\" data-widget_type=\"text-editor.default\">\n\t\t\t\t<div class=\"elementor-widget-container\">\n\t\t\t\t\t\t\t\t\t<p><\/p><h2 class=\"wp-block-heading\"><\/h2><h2 class=\"wp-block-heading\">Qui sommes-nous ?<\/h2><h2><\/h2><p>Le site \u00ab RAHIZI \u00bb est un site \u00e9dit\u00e9 par l\u2019Agence Web K2B AGENCY. Elle a pour ambition de devenir une plateforme r\u00e9unissant diff\u00e9rents acteurs \u00e9conomiques et sociaux pour penser, cr\u00e9er et ex\u00e9cuter des projets innovants dans le but d\u2019am\u00e9liorer la vie quotidienne des populations d\u2019Afrique.<\/p><h2><\/h2><p>Son site internet est :\u00a0<a style=\"text-align: var(--text-align); background-color: #ffffff; font-size: 1rem;\" href=\"https:\/\/rahizi.org\/ko\/\" target=\"_blank\" rel=\"noopener\">https:\/\/rahizi.org<\/a><\/p><h2><\/h2><h2 class=\"wp-block-heading\">Utilisation des donn\u00e9es personnelles collect\u00e9es<\/h2><h2><\/h2><h3 class=\"wp-block-heading\">Commentaires<\/h3><h2><\/h2><p>Quand vous laissez un commentaire sur notre site web, les donn\u00e9es inscrites dans le formulaire de commentaire, mais aussi votre adresse IP et l\u2019agent utilisateur de votre navigateur sont collect\u00e9s pour nous aider \u00e0 la d\u00e9tection des commentaires ind\u00e9sirables.<\/p><h2><\/h2><p>Une cha\u00eene anonymis\u00e9e cr\u00e9\u00e9e \u00e0 partir de votre adresse de messagerie (\u00e9galement appel\u00e9e hash) peut \u00eatre envoy\u00e9e au service Gravatar pour v\u00e9rifier si vous utilisez ce dernier. Les clauses de confidentialit\u00e9 du service Gravatar sont disponibles ici : <a href=\"https:\/\/automattic.com\/privacy\/\" target=\"_blank\" rel=\"noreferrer noopener\">https:\/\/automattic.com\/privacy\/<\/a>. Apr\u00e8s validation de votre commentaire, votre photo de profil sera visible publiquement \u00e0 cot\u00e9 de votre commentaire.<\/p><h2><\/h2><h3 class=\"wp-block-heading\">M\u00e9dias<\/h3><h2><\/h2><p>Si vous \u00eates un utilisateur ou une utilisatrice enregistr\u00e9\u00b7e et que vous t\u00e9l\u00e9versez des images sur le site web, nous vous conseillons d\u2019\u00e9viter de t\u00e9l\u00e9verser des images contenant des donn\u00e9es EXIF de coordonn\u00e9es GPS. Les visiteurs de votre site web peuvent t\u00e9l\u00e9charger et extraire des donn\u00e9es de localisation depuis ces images.<\/p><h2><\/h2><h3 class=\"wp-block-heading\">Formulaires de contact<\/h3><h2><\/h2><p>Le site <strong>STARTRDC<\/strong> permet \u00e0 ses visiteurs de contacter l\u2019\u00e9quipe, via le formulaire de Contact, pour une demande d\u2019information ou fournir \u00e0 l\u2019\u00e9quipe des informations compl\u00e9mentaires concernant un artiste. Les donn\u00e9es personnelles recueillies sont le nom et l\u2019adresse mail de la personne. Nous conservons les soumissions du formulaire de contact pendant une p\u00e9riode donn\u00e9e pour les questions li\u00e9es au service client, mais ils ne seront pas utilis\u00e9s \u00e0 des fins commerciales.<\/p><h2><\/h2><h3 class=\"wp-block-heading\">Cookies<\/h3><h2><\/h2><p>Se rendre sur la page : \u00ab <a href=\"https:\/\/lpdf-afrika.com\/cookies\/\" target=\"_blank\" rel=\"noreferrer noopener\">Cookies<\/a> \u00bb.<\/p><h2><\/h2><h3 class=\"wp-block-heading\">Contenu embarqu\u00e9 depuis d\u2019autres sites<\/h3><h2><\/h2><p>Les articles de ce site peuvent inclure des contenus int\u00e9gr\u00e9s (par exemple des vid\u00e9os, images, articles\u2026). Le contenu int\u00e9gr\u00e9 depuis d\u2019autres sites se comporte de la m\u00eame mani\u00e8re que si le visiteur se rendait sur cet autre site.<\/p><h2><\/h2><p>Ces sites web pourraient collecter des donn\u00e9es sur vous, utiliser des cookies, embarquer des outils de suivis tiers, suivre vos interactions avec ces contenus embarqu\u00e9s si vous disposez d\u2019un compte connect\u00e9 sur leur site web.<\/p><h2><\/h2><h3 class=\"wp-block-heading\">Statistiques et mesures d\u2019audience<\/h3><h2><\/h2><p>Afin de mesurer l\u2019audience sur son site, La Porte du Futur utilise les services de Google Analytics par le biais du plugin \u00abGoogle Analytics Dashboard for WP (GADWP)\u00bb d\u2019ExactMetrics.<\/p><h2><\/h2><p>Pour en savoir plus concernant l\u2019utilisation et la protection de vos donn\u00e9es rendez-vous sur le support de Google Analytics : <a href=\"https:\/\/support.google.com\/analytics\/answer\/6004245\" target=\"_blank\" rel=\"noreferrer noopener\">https:\/\/support.google.com\/analytics\/answer\/6004245<\/a><\/p><h2><\/h2><h3 class=\"wp-block-heading\">E-mails et newsletter MailPoet<\/h3><h2><\/h2><p>Si vous \u00eates abonn\u00e9\u00b7e \u00e0 notre newsletter ou si vous \u00eates membre de notre site (vous pouvez vous y connecter) ou si vous avez achet\u00e9 sur notre site, il y a de grandes chances que vous receviez des e-mails de notre part.<\/p><h2><\/h2><p>Nous vous enverrons uniquement des e-mails que vous avez accept\u00e9 de recevoir, ou qui concernent les services que nous vous fournissons.<\/p><h2><\/h2><p>Pour vous envoyer des e-mails, nous utilisons le nom et l\u2019adresse e-mail que vous nous avez fourni. Notre site stocke aussi l\u2019adresse IP que vous avez utilis\u00e9 lorsque vous avez sign\u00e9 pour le service pour emp\u00eacher un abus du syst\u00e8me.<\/p><h2><\/h2><p>Ce site peut envoyer des e-mails via le service d\u2019envoi MailPoet. Ce service nous permet de suivre les clics et les ouvertures de nos e-mails. Nous utilisons cette information pour am\u00e9liorer le contenu de nos newsletters.<\/p><h2><\/h2><p>Aucune information identifiable n\u2019est autrement retrac\u00e9e en dehors de ce site \u00e0 l\u2019exception de l\u2019adresse e-mail.<\/p><h2><\/h2><h3 class=\"wp-block-heading\">Dur\u00e9es de stockage de vos donn\u00e9es<\/h3><h2><\/h2><p>Si vous laissez un commentaire, le commentaire et ses m\u00e9tadonn\u00e9es sont conserv\u00e9s ind\u00e9finiment. Cela permet de reconna\u00eetre et approuver automatiquement les commentaires suivants au lieu de les laisser dans la file de mod\u00e9ration.<\/p><h2><\/h2><p>Pour les utilisateurs et utilisatrices qui s\u2019enregistrent sur notre site (si cela est possible), nous stockons \u00e9galement les donn\u00e9es personnelles indiqu\u00e9es dans leur profil. Tous les utilisateurs et utilisatrices peuvent voir, modifier ou supprimer leurs informations personnelles \u00e0 tout moment (\u00e0 l\u2019exception de leur nom d\u2019utilisateur\u00b7ice). Les gestionnaires du site peuvent aussi voir et modifier ces informations.<\/p><h2><\/h2><h3 class=\"wp-block-heading\">Les droits que vous avez sur vos donn\u00e9es<\/h3><h2><\/h2><p>Si vous avez un compte ou si vous avez laiss\u00e9 des commentaires sur le site, vous pouvez demander \u00e0 recevoir un fichier contenant toutes les donn\u00e9es personnelles que nous poss\u00e9dons \u00e0 votre sujet, incluant celles que vous nous avez fournies. Vous pouvez \u00e9galement demander la suppression des donn\u00e9es personnelles vous concernant. Cela ne prend pas en compte les donn\u00e9es stock\u00e9es \u00e0 des fins administratives, l\u00e9gales ou pour des raisons de s\u00e9curit\u00e9.<\/p><h2><\/h2><h3 class=\"wp-block-heading\">Transmission de vos donn\u00e9es personnelles<\/h3><h2><\/h2><p>Les commentaires des visiteurs peuvent \u00eatre v\u00e9rifi\u00e9s \u00e0 l\u2019aide d\u2019un service automatis\u00e9 de d\u00e9tection des commentaires ind\u00e9sirables.<\/p><h2><\/h2><h2 class=\"wp-block-heading\">Really Simple SSL<\/h2><h2><\/h2><p>Really Simple SSL et les modules Really Simple SSL ne traitent aucune information personnelle identifiable, de sorte que le GDPR ne s\u2019applique pas \u00e0 ces extensions ou \u00e0 l\u2019utilisation de ces extensions sur votre site web. Vous pouvez trouver notre politique de confidentialit\u00e9 ici.<\/p><h2><\/h2><p><\/p>\t\t\t\t\t\t\t\t<\/div>\n\t\t\t\t<\/div>\n\t\t\t\t\t<\/div>\n\t\t\t\t<\/div>\n\t\t\t\t<\/div>","protected":false},"excerpt":{"rendered":"<p>Qui sommes-nous ? Le site \u00ab RAHIZI \u00bb est un site \u00e9dit\u00e9 par l\u2019Agence Web K2B AGENCY. Elle a pour ambition de devenir une plateforme r\u00e9unissant diff\u00e9rents acteurs \u00e9conomiques et sociaux pour penser, cr\u00e9er et ex\u00e9cuter des projets innovants dans le but d\u2019am\u00e9liorer la vie quotidienne des populations d\u2019Afrique. Son site internet est :\u00a0https:\/\/rahizi.org Utilisation [&hellip;]<\/p>","protected":false},"author":1,"featured_media":289,"parent":0,"menu_order":0,"comment_status":"closed","ping_status":"closed","template":"","meta":{"footnotes":""},"class_list":["post-421","page","type-page","status-publish","has-post-thumbnail","hentry"],"yoast_head":"<!-- This site is optimized with the Yoast SEO plugin v25.4 - https:\/\/yoast.com\/wordpress\/plugins\/seo\/ -->\n<title>Politique de Cookies - Cr\u00e9er Entreprise en Afrique ou Moyen-Orient en 1h<\/title>\n<meta name=\"description\" content=\"Facilitez-vous la cr\u00e9ation de votre entreprise au Moyen-Orient et en Afrique en ligne avec Rahizi. Cr\u00e9ez votre soci\u00e9t\u00e9 \u00e0 distance facilement, en ligne.\" \/>\n<meta name=\"robots\" content=\"index, follow, max-snippet:-1, max-image-preview:large, max-video-preview:-1\" \/>\n<link rel=\"canonical\" href=\"https:\/\/rahizi.org\/ko\/politique-de-cookies\/\" \/>\n<meta property=\"og:locale\" content=\"ko_KR\" \/>\n<meta property=\"og:type\" content=\"article\" \/>\n<meta property=\"og:title\" content=\"Politique de Cookies - Cr\u00e9er Entreprise en Afrique ou Moyen-Orient en 1h\" \/>\n<meta property=\"og:description\" content=\"Facilitez-vous la cr\u00e9ation de votre entreprise au Moyen-Orient et en Afrique en ligne avec Rahizi. Cr\u00e9ez votre soci\u00e9t\u00e9 \u00e0 distance facilement, en ligne.\" \/>\n<meta property=\"og:url\" content=\"https:\/\/rahizi.org\/ko\/politique-de-cookies\/\" \/>\n<meta property=\"og:site_name\" content=\"Rahizi.org\" \/>\n<meta property=\"article:modified_time\" content=\"2024-01-01T23:19:39+00:00\" \/>\n<meta property=\"og:image\" content=\"https:\/\/rahizi.org\/wp-content\/uploads\/2024\/01\/RAHIZI-LOGOTYPE-2.png\" \/>\n\t<meta property=\"og:image:width\" content=\"1000\" \/>\n\t<meta property=\"og:image:height\" content=\"1000\" \/>\n\t<meta property=\"og:image:type\" content=\"image\/png\" \/>\n<meta name=\"twitter:card\" content=\"summary_large_image\" \/>\n<meta name=\"twitter:label1\" content=\"\uc608\uc0c1 \ub418\ub294 \ud310\ub3c5 \uc2dc\uac04\" \/>\n\t<meta name=\"twitter:data1\" content=\"5\ubd84\" \/>\n<script type=\"application\/ld+json\" class=\"yoast-schema-graph\">{\"@context\":\"https:\/\/schema.org\",\"@graph\":[{\"@type\":\"WebPage\",\"@id\":\"https:\/\/rahizi.org\/politique-de-cookies\/\",\"url\":\"https:\/\/rahizi.org\/politique-de-cookies\/\",\"name\":\"Politique de Cookies - Cr\u00e9er Entreprise en Afrique ou Moyen-Orient en 1h\",\"isPartOf\":{\"@id\":\"https:\/\/rahizi.org\/#website\"},\"primaryImageOfPage\":{\"@id\":\"https:\/\/rahizi.org\/politique-de-cookies\/#primaryimage\"},\"image\":{\"@id\":\"https:\/\/rahizi.org\/politique-de-cookies\/#primaryimage\"},\"thumbnailUrl\":\"https:\/\/rahizi.org\/wp-content\/uploads\/2024\/01\/RAHIZI-LOGOTYPE-2.png\",\"datePublished\":\"2024-01-01T23:16:21+00:00\",\"dateModified\":\"2024-01-01T23:19:39+00:00\",\"description\":\"Facilitez-vous la cr\u00e9ation de votre entreprise au Moyen-Orient et en Afrique en ligne avec Rahizi. Cr\u00e9ez votre soci\u00e9t\u00e9 \u00e0 distance facilement, en ligne.\",\"breadcrumb\":{\"@id\":\"https:\/\/rahizi.org\/politique-de-cookies\/#breadcrumb\"},\"inLanguage\":\"ko-KR\",\"potentialAction\":[{\"@type\":\"ReadAction\",\"target\":[\"https:\/\/rahizi.org\/politique-de-cookies\/\"]}]},{\"@type\":\"ImageObject\",\"inLanguage\":\"ko-KR\",\"@id\":\"https:\/\/rahizi.org\/politique-de-cookies\/#primaryimage\",\"url\":\"https:\/\/rahizi.org\/wp-content\/uploads\/2024\/01\/RAHIZI-LOGOTYPE-2.png\",\"contentUrl\":\"https:\/\/rahizi.org\/wp-content\/uploads\/2024\/01\/RAHIZI-LOGOTYPE-2.png\",\"width\":1000,\"height\":1000,\"caption\":\"RAHIZI - Cr\u00e9er Votre Entreprise en Afrique ou au Moyen-Orient en Ligne en 1h\"},{\"@type\":\"BreadcrumbList\",\"@id\":\"https:\/\/rahizi.org\/politique-de-cookies\/#breadcrumb\",\"itemListElement\":[{\"@type\":\"ListItem\",\"position\":1,\"name\":\"Accueil\",\"item\":\"https:\/\/rahizi.org\/\"},{\"@type\":\"ListItem\",\"position\":2,\"name\":\"Politique de Cookies\"}]},{\"@type\":\"WebSite\",\"@id\":\"https:\/\/rahizi.org\/#website\",\"url\":\"https:\/\/rahizi.org\/\",\"name\":\"Rahizi.org\",\"description\":\"Cr\u00e9ez votre Entreprise en Afrique ou au Moyen-Orient en Ligne en 1h\",\"publisher\":{\"@id\":\"https:\/\/rahizi.org\/#organization\"},\"potentialAction\":[{\"@type\":\"SearchAction\",\"target\":{\"@type\":\"EntryPoint\",\"urlTemplate\":\"https:\/\/rahizi.org\/?s={search_term_string}\"},\"query-input\":{\"@type\":\"PropertyValueSpecification\",\"valueRequired\":true,\"valueName\":\"search_term_string\"}}],\"inLanguage\":\"ko-KR\"},{\"@type\":\"Organization\",\"@id\":\"https:\/\/rahizi.org\/#organization\",\"name\":\"Rahizi.org\",\"url\":\"https:\/\/rahizi.org\/\",\"logo\":{\"@type\":\"ImageObject\",\"inLanguage\":\"ko-KR\",\"@id\":\"https:\/\/rahizi.org\/#\/schema\/logo\/image\/\",\"url\":\"https:\/\/rahizi.org\/wp-content\/uploads\/2023\/12\/RAHIZI-LOGOTYPE-SLOGAN.png\",\"contentUrl\":\"https:\/\/rahizi.org\/wp-content\/uploads\/2023\/12\/RAHIZI-LOGOTYPE-SLOGAN.png\",\"width\":1000,\"height\":1000,\"caption\":\"Rahizi.org\"},\"image\":{\"@id\":\"https:\/\/rahizi.org\/#\/schema\/logo\/image\/\"}}]}<\/script>\n<!-- \/ Yoast SEO plugin. -->","yoast_head_json":{"title":"Politique de Cookies - Cr\u00e9er Entreprise en Afrique ou Moyen-Orient en 1h","description":"Facilitez-vous la cr\u00e9ation de votre entreprise au Moyen-Orient et en Afrique en ligne avec Rahizi. Cr\u00e9ez votre soci\u00e9t\u00e9 \u00e0 distance facilement, en ligne.","robots":{"index":"index","follow":"follow","max-snippet":"max-snippet:-1","max-image-preview":"max-image-preview:large","max-video-preview":"max-video-preview:-1"},"canonical":"https:\/\/rahizi.org\/ko\/politique-de-cookies\/","og_locale":"ko_KR","og_type":"article","og_title":"Politique de Cookies - Cr\u00e9er Entreprise en Afrique ou Moyen-Orient en 1h","og_description":"Facilitez-vous la cr\u00e9ation de votre entreprise au Moyen-Orient et en Afrique en ligne avec Rahizi. Cr\u00e9ez votre soci\u00e9t\u00e9 \u00e0 distance facilement, en ligne.","og_url":"https:\/\/rahizi.org\/ko\/politique-de-cookies\/","og_site_name":"Rahizi.org","article_modified_time":"2024-01-01T23:19:39+00:00","og_image":[{"width":1000,"height":1000,"url":"https:\/\/rahizi.org\/wp-content\/uploads\/2024\/01\/RAHIZI-LOGOTYPE-2.png","type":"image\/png"}],"twitter_card":"summary_large_image","twitter_misc":{"\uc608\uc0c1 \ub418\ub294 \ud310\ub3c5 \uc2dc\uac04":"5\ubd84"},"schema":{"@context":"https:\/\/schema.org","@graph":[{"@type":"WebPage","@id":"https:\/\/rahizi.org\/politique-de-cookies\/","url":"https:\/\/rahizi.org\/politique-de-cookies\/","name":"Politique de Cookies - Cr\u00e9er Entreprise en Afrique ou Moyen-Orient en 1h","isPartOf":{"@id":"https:\/\/rahizi.org\/#website"},"primaryImageOfPage":{"@id":"https:\/\/rahizi.org\/politique-de-cookies\/#primaryimage"},"image":{"@id":"https:\/\/rahizi.org\/politique-de-cookies\/#primaryimage"},"thumbnailUrl":"https:\/\/rahizi.org\/wp-content\/uploads\/2024\/01\/RAHIZI-LOGOTYPE-2.png","datePublished":"2024-01-01T23:16:21+00:00","dateModified":"2024-01-01T23:19:39+00:00","description":"Facilitez-vous la cr\u00e9ation de votre entreprise au Moyen-Orient et en Afrique en ligne avec Rahizi. Cr\u00e9ez votre soci\u00e9t\u00e9 \u00e0 distance facilement, en ligne.","breadcrumb":{"@id":"https:\/\/rahizi.org\/politique-de-cookies\/#breadcrumb"},"inLanguage":"ko-KR","potentialAction":[{"@type":"ReadAction","target":["https:\/\/rahizi.org\/politique-de-cookies\/"]}]},{"@type":"ImageObject","inLanguage":"ko-KR","@id":"https:\/\/rahizi.org\/politique-de-cookies\/#primaryimage","url":"https:\/\/rahizi.org\/wp-content\/uploads\/2024\/01\/RAHIZI-LOGOTYPE-2.png","contentUrl":"https:\/\/rahizi.org\/wp-content\/uploads\/2024\/01\/RAHIZI-LOGOTYPE-2.png","width":1000,"height":1000,"caption":"RAHIZI - Cr\u00e9er Votre Entreprise en Afrique ou au Moyen-Orient en Ligne en 1h"},{"@type":"BreadcrumbList","@id":"https:\/\/rahizi.org\/politique-de-cookies\/#breadcrumb","itemListElement":[{"@type":"ListItem","position":1,"name":"Accueil","item":"https:\/\/rahizi.org\/"},{"@type":"ListItem","position":2,"name":"Politique de Cookies"}]},{"@type":"WebSite","@id":"https:\/\/rahizi.org\/#website","url":"https:\/\/rahizi.org\/","name":"Rahizi.org","description":"Cr\u00e9ez votre Entreprise en Afrique ou au Moyen-Orient en Ligne en 1h","publisher":{"@id":"https:\/\/rahizi.org\/#organization"},"potentialAction":[{"@type":"SearchAction","target":{"@type":"EntryPoint","urlTemplate":"https:\/\/rahizi.org\/?s={search_term_string}"},"query-input":{"@type":"PropertyValueSpecification","valueRequired":true,"valueName":"search_term_string"}}],"inLanguage":"ko-KR"},{"@type":"Organization","@id":"https:\/\/rahizi.org\/#organization","name":"Rahizi.org","url":"https:\/\/rahizi.org\/","logo":{"@type":"ImageObject","inLanguage":"ko-KR","@id":"https:\/\/rahizi.org\/#\/schema\/logo\/image\/","url":"https:\/\/rahizi.org\/wp-content\/uploads\/2023\/12\/RAHIZI-LOGOTYPE-SLOGAN.png","contentUrl":"https:\/\/rahizi.org\/wp-content\/uploads\/2023\/12\/RAHIZI-LOGOTYPE-SLOGAN.png","width":1000,"height":1000,"caption":"Rahizi.org"},"image":{"@id":"https:\/\/rahizi.org\/#\/schema\/logo\/image\/"}}]}},"jetpack_sharing_enabled":true,"_links":{"self":[{"href":"https:\/\/rahizi.org\/ko\/wp-json\/wp\/v2\/pages\/421","targetHints":{"allow":["GET"]}}],"collection":[{"href":"https:\/\/rahizi.org\/ko\/wp-json\/wp\/v2\/pages"}],"about":[{"href":"https:\/\/rahizi.org\/ko\/wp-json\/wp\/v2\/types\/page"}],"author":[{"embeddable":true,"href":"https:\/\/rahizi.org\/ko\/wp-json\/wp\/v2\/users\/1"}],"replies":[{"embeddable":true,"href":"https:\/\/rahizi.org\/ko\/wp-json\/wp\/v2\/comments?post=421"}],"version-history":[{"count":0,"href":"https:\/\/rahizi.org\/ko\/wp-json\/wp\/v2\/pages\/421\/revisions"}],"wp:featuredmedia":[{"embeddable":true,"href":"https:\/\/rahizi.org\/ko\/wp-json\/wp\/v2\/media\/289"}],"wp:attachment":[{"href":"https:\/\/rahizi.org\/ko\/wp-json\/wp\/v2\/media?parent=421"}],"curies":[{"name":"wp","href":"https:\/\/api.w.org\/{rel}","templated":true}]}}