{"id":354,"date":"2024-01-01T21:51:22","date_gmt":"2024-01-01T20:51:22","guid":{"rendered":"https:\/\/rahizi.org\/?page_id=354"},"modified":"2024-01-01T21:55:51","modified_gmt":"2024-01-01T20:55:51","slug":"contact-met-ons-opnemen","status":"publish","type":"page","link":"https:\/\/rahizi.org\/nl\/contact-met-ons-opnemen\/","title":{"rendered":"Neem contact met ons op"},"content":{"rendered":"<div data-elementor-type=\"wp-page\" data-elementor-id=\"354\" class=\"elementor elementor-354\" data-elementor-post-type=\"page\">\n\t\t\t\t\t\t<section class=\"elementor-section elementor-top-section elementor-element elementor-element-d193ceb elementor-section-full_width elementor-section-content-middle elementor-section-height-default elementor-section-height-default\" data-id=\"d193ceb\" data-element_type=\"section\" data-settings=\"{&quot;background_background&quot;:&quot;gradient&quot;}\">\n\t\t\t\t\t\t\t<div class=\"elementor-background-overlay\"><\/div>\n\t\t\t\t\t\t\t<div class=\"elementor-container elementor-column-gap-default\">\n\t\t\t\t\t<div class=\"elementor-column elementor-col-100 elementor-top-column elementor-element elementor-element-4983fef\" data-id=\"4983fef\" data-element_type=\"column\" data-settings=\"{&quot;background_background&quot;:&quot;classic&quot;}\">\n\t\t\t<div class=\"elementor-widget-wrap elementor-element-populated\">\n\t\t\t\t\t\t<section class=\"elementor-section elementor-inner-section elementor-element elementor-element-06a52f3 elementor-section-content-middle elementor-section-boxed elementor-section-height-default elementor-section-height-default\" data-id=\"06a52f3\" data-element_type=\"section\">\n\t\t\t\t\t\t<div class=\"elementor-container elementor-column-gap-default\">\n\t\t\t\t\t<div class=\"elementor-column elementor-col-50 elementor-inner-column elementor-element elementor-element-318dd8f\" data-id=\"318dd8f\" data-element_type=\"column\">\n\t\t\t<div class=\"elementor-widget-wrap elementor-element-populated\">\n\t\t\t\t\t\t<div class=\"elementor-element elementor-element-74513c8 elementor-widget elementor-widget-heading\" data-id=\"74513c8\" data-element_type=\"widget\" data-widget_type=\"heading.default\">\n\t\t\t\t<div class=\"elementor-widget-container\">\n\t\t\t\t\t<h1 class=\"elementor-heading-title elementor-size-default\">Neem contact met ons op<\/h1>\t\t\t\t<\/div>\n\t\t\t\t<\/div>\n\t\t\t\t\t<\/div>\n\t\t<\/div>\n\t\t\t\t<div class=\"elementor-column elementor-col-50 elementor-inner-column elementor-element elementor-element-e8d03d5\" data-id=\"e8d03d5\" data-element_type=\"column\">\n\t\t\t<div class=\"elementor-widget-wrap\">\n\t\t\t\t\t\t\t<\/div>\n\t\t<\/div>\n\t\t\t\t\t<\/div>\n\t\t<\/section>\n\t\t\t\t\t<\/div>\n\t\t<\/div>\n\t\t\t\t\t<\/div>\n\t\t<\/section>\n\t\t<div class=\"elementor-element elementor-element-ff48a0f e-flex e-con-boxed e-con e-parent\" data-id=\"ff48a0f\" data-element_type=\"container\">\n\t\t\t\t\t<div class=\"e-con-inner\">\n\t\t\t\t<div class=\"elementor-element elementor-element-4f65151 elementor-widget elementor-widget-text-editor\" data-id=\"4f65151\" data-element_type=\"widget\" data-widget_type=\"text-editor.default\">\n\t\t\t\t<div class=\"elementor-widget-container\">\n\t\t\t\t\t\t\t\t\t<p>Heb je een vraag over de RAHIZI-service? Vul het onderstaande formulier in en we nemen contact met u op!<\/p>\t\t\t\t\t\t\t\t<\/div>\n\t\t\t\t<\/div>\n\t\t\t\t<div class=\"elementor-element elementor-element-efae844 elementor-widget elementor-widget-shortcode\" data-id=\"efae844\" data-element_type=\"widget\" data-widget_type=\"shortcode.default\">\n\t\t\t\t<div class=\"elementor-widget-container\">\n\t\t\t\t\t\t\t<div class=\"elementor-shortcode\"><div class=\"forminator-ui forminator-custom-form forminator-custom-form-344 forminator-design--material  forminator_ajax\" data-forminator-render=\"0\" data-form=\"forminator-module-344\" data-uid=\"69d33e952dbc7\"><br\/><\/div><form\n\t\t\t\tid=\"forminator-module-344\"\n\t\t\t\tclass=\"forminator-ui forminator-custom-form forminator-custom-form-344 forminator-design--material  forminator_ajax\"\n\t\t\t\tmethod=\"post\"\n\t\t\t\tdata-forminator-render=\"0\"\n\t\t\t\tdata-form-id=\"344\"\n\t\t\t\t\n\t\t\t\tdata-design=\"material\"\n\t\t\t\t\n\t\t\t\t\n\t\t\t\t\n\t\t\t\tdata-grid=\"open\"\n\t\t\t\t\n\t\t\t\t\n\t\t\t\tstyle=\"display: none;\"\n\t\t\t\t\n\t\t\t\tdata-uid=\"69d33e952dbc7\" action=\"\"\n\t\t\t><div role=\"alert\" aria-live=\"polite\" class=\"forminator-response-message forminator-error\" aria-hidden=\"true\"><\/div><div class=\"forminator-row\"><div id=\"name-1\" class=\"forminator-field-name forminator-col forminator-col-12\"><div class=\"forminator-field\"><label for=\"forminator-field-name-1_69d33e952dbc7\" id=\"forminator-field-name-1_69d33e952dbc7-label\" class=\"forminator-label\">Voornaam en achternaam <span class=\"forminator-required\">*<\/span><\/label><input type=\"text\" name=\"name-1\" value=\"\" placeholder=\"Bijvoorbeeld: BERNARD Jean\" id=\"forminator-field-name-1_69d33e952dbc7\" class=\"forminator-input forminator-name--field\" aria-required=\"true\" \/><\/div><\/div><\/div><div class=\"forminator-row\"><div id=\"email-1\" class=\"forminator-field-email forminator-col forminator-col-12\"><div class=\"forminator-field\"><label for=\"forminator-field-email-1_69d33e952dbc7\" id=\"forminator-field-email-1_69d33e952dbc7-label\" class=\"forminator-label\">E-mailadres <span class=\"forminator-required\">*<\/span><\/label><input type=\"email\" name=\"email-1\" value=\"\" placeholder=\"Bijvoorbeeld: jacques@martin.com\" id=\"forminator-field-email-1_69d33e952dbc7\" class=\"forminator-input forminator-email--field\" data-required=\"true\" aria-required=\"true\" \/><\/div><\/div><\/div><div class=\"forminator-row\"><div id=\"textarea-2\" class=\"forminator-field-textarea forminator-col forminator-col-12\"><div class=\"forminator-field\"><label for=\"forminator-field-textarea-2_69d33e952dbc7\" id=\"forminator-field-textarea-2_69d33e952dbc7-label\" class=\"forminator-label\">Bedrijfsnaam<\/label><textarea name=\"textarea-2\" placeholder=\"\" id=\"forminator-field-textarea-2_69d33e952dbc7\" class=\"forminator-textarea\" rows=\"6\" style=\"min-height:140px;\" ><\/textarea><\/div><\/div><\/div><div class=\"forminator-row\"><div id=\"phone-1\" class=\"forminator-field-phone forminator-col forminator-col-12\"><div class=\"forminator-field\"><label for=\"forminator-field-phone-1_69d33e952dbc7\" id=\"forminator-field-phone-1_69d33e952dbc7-label\" class=\"forminator-label\">Telefoonnummer <span class=\"forminator-required\">*<\/span><\/label><input type=\"text\" name=\"phone-1\" value=\"\" placeholder=\"Bijvoorbeeld: +1 02 03 04 05\" id=\"forminator-field-phone-1_69d33e952dbc7\" class=\"forminator-input forminator-field--phone\" data-required=\"1\" aria-required=\"true\" autocomplete=\"off\" \/><\/div><\/div><\/div><div class=\"forminator-row\"><div id=\"textarea-1\" class=\"forminator-field-textarea forminator-col forminator-col-12\"><div class=\"forminator-field\"><label for=\"forminator-field-textarea-1_69d33e952dbc7\" id=\"forminator-field-textarea-1_69d33e952dbc7-label\" class=\"forminator-label\">Bericht<\/label><textarea name=\"textarea-1\" placeholder=\"Voer uw bericht in...\" id=\"forminator-field-textarea-1_69d33e952dbc7\" class=\"forminator-textarea\" rows=\"6\" style=\"min-height:140px;\" maxlength=\"180\" ><\/textarea><span id=\"forminator-field-textarea-1_69d33e952dbc7-description\" class=\"forminator-description\"><span data-limit=\"180\" data-type=\"characters\" data-editor=\"\">0 \/ 180<\/span><\/span><\/div><\/div><\/div><div class=\"forminator-row\"><div id=\"captcha-1\" class=\"forminator-field-captcha forminator-col forminator-col-12\"><div class=\"forminator-captcha-left forminator-g-recaptcha\" data-theme=\"light\"  data-sitekey=\"6LfUrgsiAAAAAFc8OlyunIiI1zraqkELOp-5Q5uH\" data-size=\"normal\"><\/div> <\/div><\/div><input type=\"hidden\" name=\"referer_url\" value=\"\" \/><div class=\"forminator-row forminator-row-last\"><div class=\"forminator-col\"><div class=\"forminator-field\"><button class=\"forminator-button forminator-button-submit\"><span>Verstuur bericht<\/span><span aria-hidden=\"true\"><\/span><\/button><\/div><\/div><\/div><input type=\"hidden\" id=\"forminator_nonce\" name=\"forminator_nonce\" value=\"16903d0ff4\" \/><input type=\"hidden\" name=\"_wp_http_referer\" value=\"\/nl\/wp-json\/wp\/v2\/pages\/354\" \/><input type=\"hidden\" name=\"form_id\" value=\"344\"><input type=\"hidden\" name=\"page_id\" value=\"354\"><input type=\"hidden\" name=\"form_type\" value=\"default\"><input type=\"hidden\" name=\"current_url\" value=\"https:\/\/rahizi.org\/nl\/contact-met-ons-opnemen\/\"><input type=\"hidden\" name=\"render_id\" value=\"0\"><input type=\"hidden\" name=\"action\" value=\"forminator_submit_form_custom-forms\"><input type=\"hidden\" name=\"trp-form-language\" value=\"nl\"\/><\/form><\/div>\n\t\t\t\t\t\t<\/div>\n\t\t\t\t<\/div>\n\t\t\t\t\t<\/div>\n\t\t\t\t<\/div>\n\t\t\t\t<\/div>","protected":false},"excerpt":{"rendered":"<p>Heb je een vraag over de RAHIZI-service? Vul het onderstaande formulier in en we nemen contact met u op!<\/p>","protected":false},"author":1,"featured_media":289,"parent":0,"menu_order":0,"comment_status":"closed","ping_status":"closed","template":"","meta":{"footnotes":""},"class_list":["post-354","page","type-page","status-publish","has-post-thumbnail","hentry"],"yoast_head":"<!-- This site is optimized with the Yoast SEO plugin v25.4 - https:\/\/yoast.com\/wordpress\/plugins\/seo\/ -->\n<title>Contact - Cr\u00e9er Entreprise en Afrique ou Moyen-Orient en ligne<\/title>\n<meta name=\"description\" content=\"Facilitez-vous la cr\u00e9ation de votre entreprise au Moyen-Orient et en Afrique en ligne avec Rahizi. Cr\u00e9ez votre soci\u00e9t\u00e9 \u00e0 distance facilement, en ligne.\" \/>\n<meta name=\"robots\" content=\"index, follow, max-snippet:-1, max-image-preview:large, max-video-preview:-1\" \/>\n<link rel=\"canonical\" href=\"https:\/\/rahizi.org\/nl\/contact-met-ons-opnemen\/\" \/>\n<meta property=\"og:locale\" content=\"nl_BE\" \/>\n<meta property=\"og:type\" content=\"article\" \/>\n<meta property=\"og:title\" content=\"Contact - Cr\u00e9er Entreprise en Afrique ou Moyen-Orient en ligne\" \/>\n<meta property=\"og:description\" content=\"Facilitez-vous la cr\u00e9ation de votre entreprise au Moyen-Orient et en Afrique en ligne avec Rahizi. Cr\u00e9ez votre soci\u00e9t\u00e9 \u00e0 distance facilement, en ligne.\" \/>\n<meta property=\"og:url\" content=\"https:\/\/rahizi.org\/nl\/contact-met-ons-opnemen\/\" \/>\n<meta property=\"og:site_name\" content=\"Rahizi.org\" \/>\n<meta property=\"article:modified_time\" content=\"2024-01-01T20:55:51+00:00\" \/>\n<meta property=\"og:image\" content=\"https:\/\/rahizi.org\/wp-content\/uploads\/2024\/01\/RAHIZI-LOGOTYPE-2.png\" \/>\n\t<meta property=\"og:image:width\" content=\"1000\" \/>\n\t<meta property=\"og:image:height\" content=\"1000\" \/>\n\t<meta property=\"og:image:type\" content=\"image\/png\" \/>\n<meta name=\"twitter:card\" content=\"summary_large_image\" \/>\n<meta name=\"twitter:label1\" content=\"Geschatte leestijd\" \/>\n\t<meta name=\"twitter:data1\" content=\"1 minuut\" \/>\n<script type=\"application\/ld+json\" class=\"yoast-schema-graph\">{\"@context\":\"https:\/\/schema.org\",\"@graph\":[{\"@type\":\"WebPage\",\"@id\":\"https:\/\/rahizi.org\/nous-contacter\/\",\"url\":\"https:\/\/rahizi.org\/nous-contacter\/\",\"name\":\"Contact - Cr\u00e9er Entreprise en Afrique ou Moyen-Orient en ligne\",\"isPartOf\":{\"@id\":\"https:\/\/rahizi.org\/#website\"},\"primaryImageOfPage\":{\"@id\":\"https:\/\/rahizi.org\/nous-contacter\/#primaryimage\"},\"image\":{\"@id\":\"https:\/\/rahizi.org\/nous-contacter\/#primaryimage\"},\"thumbnailUrl\":\"https:\/\/rahizi.org\/wp-content\/uploads\/2024\/01\/RAHIZI-LOGOTYPE-2.png\",\"datePublished\":\"2024-01-01T20:51:22+00:00\",\"dateModified\":\"2024-01-01T20:55:51+00:00\",\"description\":\"Facilitez-vous la cr\u00e9ation de votre entreprise au Moyen-Orient et en Afrique en ligne avec Rahizi. Cr\u00e9ez votre soci\u00e9t\u00e9 \u00e0 distance facilement, en ligne.\",\"breadcrumb\":{\"@id\":\"https:\/\/rahizi.org\/nous-contacter\/#breadcrumb\"},\"inLanguage\":\"nl-BE\",\"potentialAction\":[{\"@type\":\"ReadAction\",\"target\":[\"https:\/\/rahizi.org\/nous-contacter\/\"]}]},{\"@type\":\"ImageObject\",\"inLanguage\":\"nl-BE\",\"@id\":\"https:\/\/rahizi.org\/nous-contacter\/#primaryimage\",\"url\":\"https:\/\/rahizi.org\/wp-content\/uploads\/2024\/01\/RAHIZI-LOGOTYPE-2.png\",\"contentUrl\":\"https:\/\/rahizi.org\/wp-content\/uploads\/2024\/01\/RAHIZI-LOGOTYPE-2.png\",\"width\":1000,\"height\":1000,\"caption\":\"RAHIZI - Cr\u00e9er Votre Entreprise en Afrique ou au Moyen-Orient en Ligne en 1h\"},{\"@type\":\"BreadcrumbList\",\"@id\":\"https:\/\/rahizi.org\/nous-contacter\/#breadcrumb\",\"itemListElement\":[{\"@type\":\"ListItem\",\"position\":1,\"name\":\"Accueil\",\"item\":\"https:\/\/rahizi.org\/\"},{\"@type\":\"ListItem\",\"position\":2,\"name\":\"Nous Contacter\"}]},{\"@type\":\"WebSite\",\"@id\":\"https:\/\/rahizi.org\/#website\",\"url\":\"https:\/\/rahizi.org\/\",\"name\":\"Rahizi.org\",\"description\":\"Cr\u00e9ez votre Entreprise en Afrique ou au Moyen-Orient en Ligne en 1h\",\"publisher\":{\"@id\":\"https:\/\/rahizi.org\/#organization\"},\"potentialAction\":[{\"@type\":\"SearchAction\",\"target\":{\"@type\":\"EntryPoint\",\"urlTemplate\":\"https:\/\/rahizi.org\/?s={search_term_string}\"},\"query-input\":{\"@type\":\"PropertyValueSpecification\",\"valueRequired\":true,\"valueName\":\"search_term_string\"}}],\"inLanguage\":\"nl-BE\"},{\"@type\":\"Organization\",\"@id\":\"https:\/\/rahizi.org\/#organization\",\"name\":\"Rahizi.org\",\"url\":\"https:\/\/rahizi.org\/\",\"logo\":{\"@type\":\"ImageObject\",\"inLanguage\":\"nl-BE\",\"@id\":\"https:\/\/rahizi.org\/#\/schema\/logo\/image\/\",\"url\":\"https:\/\/rahizi.org\/wp-content\/uploads\/2023\/12\/RAHIZI-LOGOTYPE-SLOGAN.png\",\"contentUrl\":\"https:\/\/rahizi.org\/wp-content\/uploads\/2023\/12\/RAHIZI-LOGOTYPE-SLOGAN.png\",\"width\":1000,\"height\":1000,\"caption\":\"Rahizi.org\"},\"image\":{\"@id\":\"https:\/\/rahizi.org\/#\/schema\/logo\/image\/\"}}]}<\/script>\n<!-- \/ Yoast SEO plugin. -->","yoast_head_json":{"title":"Contact - Maak online een bedrijf in Afrika of het Midden-Oosten","description":"Richt je bedrijf in het Midden-Oosten en Afrika online op met Rahizi. Richt je bedrijf op afstand, eenvoudig en online op.","robots":{"index":"index","follow":"follow","max-snippet":"max-snippet:-1","max-image-preview":"max-image-preview:large","max-video-preview":"max-video-preview:-1"},"canonical":"https:\/\/rahizi.org\/nl\/contact-met-ons-opnemen\/","og_locale":"nl_BE","og_type":"article","og_title":"Contact - Cr\u00e9er Entreprise en Afrique ou Moyen-Orient en ligne","og_description":"Facilitez-vous la cr\u00e9ation de votre entreprise au Moyen-Orient et en Afrique en ligne avec Rahizi. Cr\u00e9ez votre soci\u00e9t\u00e9 \u00e0 distance facilement, en ligne.","og_url":"https:\/\/rahizi.org\/nl\/contact-met-ons-opnemen\/","og_site_name":"Rahizi.org","article_modified_time":"2024-01-01T20:55:51+00:00","og_image":[{"width":1000,"height":1000,"url":"https:\/\/rahizi.org\/wp-content\/uploads\/2024\/01\/RAHIZI-LOGOTYPE-2.png","type":"image\/png"}],"twitter_card":"summary_large_image","twitter_misc":{"Geschatte leestijd":"1 minuut"},"schema":{"@context":"https:\/\/schema.org","@graph":[{"@type":"WebPage","@id":"https:\/\/rahizi.org\/nous-contacter\/","url":"https:\/\/rahizi.org\/nous-contacter\/","name":"Contact - Maak online een bedrijf in Afrika of het Midden-Oosten","isPartOf":{"@id":"https:\/\/rahizi.org\/#website"},"primaryImageOfPage":{"@id":"https:\/\/rahizi.org\/nous-contacter\/#primaryimage"},"image":{"@id":"https:\/\/rahizi.org\/nous-contacter\/#primaryimage"},"thumbnailUrl":"https:\/\/rahizi.org\/wp-content\/uploads\/2024\/01\/RAHIZI-LOGOTYPE-2.png","datePublished":"2024-01-01T20:51:22+00:00","dateModified":"2024-01-01T20:55:51+00:00","description":"Richt je bedrijf in het Midden-Oosten en Afrika online op met Rahizi. Richt je bedrijf op afstand, eenvoudig en online op.","breadcrumb":{"@id":"https:\/\/rahizi.org\/nous-contacter\/#breadcrumb"},"inLanguage":"nl-BE","potentialAction":[{"@type":"ReadAction","target":["https:\/\/rahizi.org\/nous-contacter\/"]}]},{"@type":"ImageObject","inLanguage":"nl-BE","@id":"https:\/\/rahizi.org\/nous-contacter\/#primaryimage","url":"https:\/\/rahizi.org\/wp-content\/uploads\/2024\/01\/RAHIZI-LOGOTYPE-2.png","contentUrl":"https:\/\/rahizi.org\/wp-content\/uploads\/2024\/01\/RAHIZI-LOGOTYPE-2.png","width":1000,"height":1000,"caption":"RAHIZI - Cr\u00e9er Votre Entreprise en Afrique ou au Moyen-Orient en Ligne en 1h"},{"@type":"BreadcrumbList","@id":"https:\/\/rahizi.org\/nous-contacter\/#breadcrumb","itemListElement":[{"@type":"ListItem","position":1,"name":"Accueil","item":"https:\/\/rahizi.org\/"},{"@type":"ListItem","position":2,"name":"Nous Contacter"}]},{"@type":"WebSite","@id":"https:\/\/rahizi.org\/#website","url":"https:\/\/rahizi.org\/","name":"Rahizi.org","description":"Richt je bedrijf in Afrika of het Midden-Oosten online op in 1 uur","publisher":{"@id":"https:\/\/rahizi.org\/#organization"},"potentialAction":[{"@type":"SearchAction","target":{"@type":"EntryPoint","urlTemplate":"https:\/\/rahizi.org\/?s={search_term_string}"},"query-input":{"@type":"PropertyValueSpecification","valueRequired":true,"valueName":"search_term_string"}}],"inLanguage":"nl-BE"},{"@type":"Organization","@id":"https:\/\/rahizi.org\/#organization","name":"Rahizi.org","url":"https:\/\/rahizi.org\/","logo":{"@type":"ImageObject","inLanguage":"nl-BE","@id":"https:\/\/rahizi.org\/#\/schema\/logo\/image\/","url":"https:\/\/rahizi.org\/wp-content\/uploads\/2023\/12\/RAHIZI-LOGOTYPE-SLOGAN.png","contentUrl":"https:\/\/rahizi.org\/wp-content\/uploads\/2023\/12\/RAHIZI-LOGOTYPE-SLOGAN.png","width":1000,"height":1000,"caption":"Rahizi.org"},"image":{"@id":"https:\/\/rahizi.org\/#\/schema\/logo\/image\/"}}]}},"jetpack_sharing_enabled":true,"_links":{"self":[{"href":"https:\/\/rahizi.org\/nl\/wp-json\/wp\/v2\/pages\/354","targetHints":{"allow":["GET"]}}],"collection":[{"href":"https:\/\/rahizi.org\/nl\/wp-json\/wp\/v2\/pages"}],"about":[{"href":"https:\/\/rahizi.org\/nl\/wp-json\/wp\/v2\/types\/page"}],"author":[{"embeddable":true,"href":"https:\/\/rahizi.org\/nl\/wp-json\/wp\/v2\/users\/1"}],"replies":[{"embeddable":true,"href":"https:\/\/rahizi.org\/nl\/wp-json\/wp\/v2\/comments?post=354"}],"version-history":[{"count":0,"href":"https:\/\/rahizi.org\/nl\/wp-json\/wp\/v2\/pages\/354\/revisions"}],"wp:featuredmedia":[{"embeddable":true,"href":"https:\/\/rahizi.org\/nl\/wp-json\/wp\/v2\/media\/289"}],"wp:attachment":[{"href":"https:\/\/rahizi.org\/nl\/wp-json\/wp\/v2\/media?parent=354"}],"curies":[{"name":"wp","href":"https:\/\/api.w.org\/{rel}","templated":true}]}}