{"id":354,"date":"2024-01-01T21:51:22","date_gmt":"2024-01-01T20:51:22","guid":{"rendered":"https:\/\/rahizi.org\/?page_id=354"},"modified":"2024-01-01T21:55:51","modified_gmt":"2024-01-01T20:55:51","slug":"%e8%81%94%e7%b3%bb%e6%88%91%e4%bb%ac","status":"publish","type":"page","link":"https:\/\/rahizi.org\/zh\/nous-contacter\/","title":{"rendered":"\u8054\u7cfb\u6211\u4eec"},"content":{"rendered":"<style>.elementor-354 .elementor-element.elementor-element-d193ceb > .elementor-container > .elementor-column > .elementor-widget-wrap{align-content:center;align-items:center;}.elementor-354 .elementor-element.elementor-element-d193ceb:not(.elementor-motion-effects-element-type-background), .elementor-354 .elementor-element.elementor-element-d193ceb > .elementor-motion-effects-container > .elementor-motion-effects-layer{background-color:transparent;background-image:linear-gradient(180deg, #EC994370 0%, #FBB7B79C 100%);}.elementor-354 .elementor-element.elementor-element-d193ceb > .elementor-background-overlay{background-image:url(\"https:\/\/rahizi.org\/wp-content\/uploads\/2024\/01\/handshake-after-agreement.jpg\");background-position:center center;opacity:0.5;transition:background 0.3s, border-radius 0.3s, opacity 0.3s;}.elementor-354 .elementor-element.elementor-element-d193ceb{transition:background 0.3s, border 0.3s, border-radius 0.3s, box-shadow 0.3s;margin-top:0px;margin-bottom:0px;padding:0215px 0px 0215px 0px;}.elementor-bc-flex-widget .elementor-354 .elementor-element.elementor-element-4983fef.elementor-column .elementor-widget-wrap{align-items:center;}.elementor-354 .elementor-element.elementor-element-4983fef.elementor-column.elementor-element[data-element_type=\"column\"] > .elementor-widget-wrap.elementor-element-populated{align-content:center;align-items:center;}.elementor-354 .elementor-element.elementor-element-4983fef.elementor-column > .elementor-widget-wrap{justify-content:center;}.elementor-354 .elementor-element.elementor-element-4983fef > .elementor-widget-wrap > .elementor-widget:not(.elementor-widget__width-auto):not(.elementor-widget__width-initial):not(:last-child):not(.elementor-absolute){margin-block-end:0px;}.elementor-354 .elementor-element.elementor-element-4983fef > .elementor-element-populated{transition:background 0.3s, border 0.3s, border-radius 0.3s, box-shadow 0.3s;margin:0px 0px 0px 0px;--e-column-margin-right:0px;--e-column-margin-left:0px;padding:0px 15px 0px 15px;}.elementor-354 .elementor-element.elementor-element-4983fef > .elementor-element-populated > .elementor-background-overlay{transition:background 0.3s, border-radius 0.3s, opacity 0.3s;}.elementor-354 .elementor-element.elementor-element-06a52f3 > .elementor-container > .elementor-column > .elementor-widget-wrap{align-content:center;align-items:center;}.elementor-354 .elementor-element.elementor-element-06a52f3{margin-top:0px;margin-bottom:0px;padding:0px 0px 0px 0px;z-index:3;}.elementor-354 .elementor-element.elementor-element-318dd8f > .elementor-element-populated{margin:0px 0px 0px 0px;--e-column-margin-right:0px;--e-column-margin-left:0px;padding:0px 0px 0px 0px;}.elementor-354 .elementor-element.elementor-element-74513c8{text-align:start;}.elementor-354 .elementor-element.elementor-element-74513c8 .elementor-heading-title{font-family:\"Jost\", Sans-serif;font-weight:600;color:#0D1557;}.elementor-354 .elementor-element.elementor-element-74513c8 > .elementor-widget-container{margin:0px 0px 0px 0px;padding:0px 0px 37px 0px;}.elementor-bc-flex-widget .elementor-354 .elementor-element.elementor-element-e8d03d5.elementor-column .elementor-widget-wrap{align-items:flex-start;}.elementor-354 .elementor-element.elementor-element-e8d03d5.elementor-column.elementor-element[data-element_type=\"column\"] > .elementor-widget-wrap.elementor-element-populated{align-content:flex-start;align-items:flex-start;}.elementor-354 .elementor-element.elementor-element-e8d03d5.elementor-column > .elementor-widget-wrap{justify-content:center;}.elementor-354 .elementor-element.elementor-element-e8d03d5 > .elementor-element-populated{margin:0px 0px 0px 0px;--e-column-margin-right:0px;--e-column-margin-left:0px;padding:0px 0px 0px 0px;}.elementor-354 .elementor-element.elementor-element-ff48a0f{--display:flex;--flex-direction:column;--container-widget-width:100%;--container-widget-height:initial;--container-widget-flex-grow:0;--container-widget-align-self:initial;--flex-wrap-mobile:wrap;--padding-top:0140px;--padding-bottom:0140px;--padding-left:0px;--padding-right:0px;}.elementor-354 .elementor-element.elementor-element-4f65151{text-align:center;color:#2C3477;}.elementor-354 .elementor-element.elementor-element-4f65151 > .elementor-widget-container{margin:0px 0px 0px 0px;padding:0px 0px 27px 0px;}:root{--page-title-display:none;}@media(max-width:1024px) and (min-width:768px){.elementor-354 .elementor-element.elementor-element-318dd8f{width:100%;}}@media(max-width:1024px){.elementor-354 .elementor-element.elementor-element-d193ceb{margin-top:-130px;margin-bottom:0px;padding:168px 15px 0px 15px;}.elementor-354 .elementor-element.elementor-element-4983fef > .elementor-element-populated{padding:0px 0px 0px 0px;}.elementor-354 .elementor-element.elementor-element-74513c8 .elementor-heading-title{font-size:45px;line-height:45px;}.elementor-354 .elementor-element.elementor-element-74513c8 > .elementor-widget-container{padding:0px 0px 42px 0px;}}@media(max-width:767px){.elementor-354 .elementor-element.elementor-element-d193ceb{padding:168px 15px 0px 15px;}.elementor-354 .elementor-element.elementor-element-74513c8 .elementor-heading-title{font-size:40px;line-height:40px;}.elementor-354 .elementor-element.elementor-element-4f65151{text-align:center;}}<\/style>\t\t<div data-elementor-type=\"wp-page\" data-elementor-id=\"354\" class=\"elementor elementor-354\" data-elementor-post-type=\"page\">\n\t\t\t\t\t\t<section class=\"elementor-section elementor-top-section elementor-element elementor-element-d193ceb elementor-section-full_width elementor-section-content-middle elementor-section-height-default elementor-section-height-default\" data-id=\"d193ceb\" data-element_type=\"section\" data-e-type=\"section\" data-settings=\"{&quot;background_background&quot;:&quot;gradient&quot;}\">\n\t\t\t\t\t\t\t<div class=\"elementor-background-overlay\"><\/div>\n\t\t\t\t\t\t\t<div class=\"elementor-container elementor-column-gap-default\">\n\t\t\t\t\t<div class=\"elementor-column elementor-col-100 elementor-top-column elementor-element elementor-element-4983fef\" data-id=\"4983fef\" data-element_type=\"column\" data-e-type=\"column\" data-settings=\"{&quot;background_background&quot;:&quot;classic&quot;}\">\n\t\t\t<div class=\"elementor-widget-wrap elementor-element-populated\">\n\t\t\t\t\t\t<section class=\"elementor-section elementor-inner-section elementor-element elementor-element-06a52f3 elementor-section-content-middle elementor-section-boxed elementor-section-height-default elementor-section-height-default\" data-id=\"06a52f3\" data-element_type=\"section\" data-e-type=\"section\">\n\t\t\t\t\t\t<div class=\"elementor-container elementor-column-gap-default\">\n\t\t\t\t\t<div class=\"elementor-column elementor-col-50 elementor-inner-column elementor-element elementor-element-318dd8f\" data-id=\"318dd8f\" data-element_type=\"column\" data-e-type=\"column\">\n\t\t\t<div class=\"elementor-widget-wrap elementor-element-populated\">\n\t\t\t\t\t\t<div class=\"elementor-element elementor-element-74513c8 elementor-widget elementor-widget-heading\" data-id=\"74513c8\" data-element_type=\"widget\" data-e-type=\"widget\" data-widget_type=\"heading.default\">\n\t\t\t\t<div class=\"elementor-widget-container\">\n\t\t\t\t\t<h1 class=\"elementor-heading-title elementor-size-default\">Nous Contacter<\/h1>\t\t\t\t<\/div>\n\t\t\t\t<\/div>\n\t\t\t\t\t<\/div>\n\t\t<\/div>\n\t\t\t\t<div class=\"elementor-column elementor-col-50 elementor-inner-column elementor-element elementor-element-e8d03d5\" data-id=\"e8d03d5\" data-element_type=\"column\" data-e-type=\"column\">\n\t\t\t<div class=\"elementor-widget-wrap\">\n\t\t\t\t\t\t\t<\/div>\n\t\t<\/div>\n\t\t\t\t\t<\/div>\n\t\t<\/section>\n\t\t\t\t\t<\/div>\n\t\t<\/div>\n\t\t\t\t\t<\/div>\n\t\t<\/section>\n\t\t<div class=\"elementor-element elementor-element-ff48a0f e-flex e-con-boxed e-con e-parent\" data-id=\"ff48a0f\" data-element_type=\"container\" data-e-type=\"container\">\n\t\t\t\t\t<div class=\"e-con-inner\">\n\t\t\t\t<div class=\"elementor-element elementor-element-4f65151 elementor-widget elementor-widget-text-editor\" data-id=\"4f65151\" data-element_type=\"widget\" data-e-type=\"widget\" data-widget_type=\"text-editor.default\">\n\t\t\t\t<div class=\"elementor-widget-container\">\n\t\t\t\t\t\t\t\t\t<p>Vous avez une question sur le service RAHIZI ? Remplissez le formulaire ci-dessous et nous reviendrons vers vous !<\/p>\t\t\t\t\t\t\t\t<\/div>\n\t\t\t\t<\/div>\n\t\t\t\t<div class=\"elementor-element elementor-element-efae844 elementor-widget elementor-widget-shortcode\" data-id=\"efae844\" data-element_type=\"widget\" data-e-type=\"widget\" data-widget_type=\"shortcode.default\">\n\t\t\t\t<div class=\"elementor-widget-container\">\n\t\t\t\t\t\t\t<div class=\"elementor-shortcode\"><div class=\"forminator-ui forminator-custom-form forminator-custom-form-344 forminator-design--material  forminator_ajax\" data-forminator-render=\"0\" data-form=\"forminator-module-344\" data-uid=\"69e0016545276\"><br\/><\/div><form\n\t\t\t\tid=\"forminator-module-344\"\n\t\t\t\tclass=\"forminator-ui forminator-custom-form forminator-custom-form-344 forminator-design--material  forminator_ajax\"\n\t\t\t\tmethod=\"post\"\n\t\t\t\tdata-forminator-render=\"0\"\n\t\t\t\tdata-form-id=\"344\"\n\t\t\t\t data-color-option=\"default\" data-design=\"material\" data-grid=\"open\" style=\"display: none;\"\n\t\t\t\tdata-uid=\"69e0016545276\"\n\t\t\t><div role=\"alert\" aria-live=\"polite\" class=\"forminator-response-message forminator-error\" aria-hidden=\"true\"><\/div><div class=\"forminator-row\"><div id=\"name-1\" class=\"forminator-field-name forminator-col forminator-col-12 \"><div class=\"forminator-field\"><label for=\"forminator-field-name-1_69e0016545276\" id=\"forminator-field-name-1_69e0016545276-label\" class=\"forminator-label\">NOM et Pr\u00e9nom <span class=\"forminator-required\">*<\/span><\/label><input type=\"text\" name=\"name-1\" value=\"\" placeholder=\"Par exemple\u00a0: BERNARD Jean\" id=\"forminator-field-name-1_69e0016545276\" class=\"forminator-input forminator-name--field\" aria-required=\"true\" autocomplete=\"name\" \/><\/div><\/div><\/div><div class=\"forminator-row\"><div id=\"email-1\" class=\"forminator-field-email forminator-col forminator-col-12 \"><div class=\"forminator-field\"><label for=\"forminator-field-email-1_69e0016545276\" id=\"forminator-field-email-1_69e0016545276-label\" class=\"forminator-label\">Adresse de messagerie <span class=\"forminator-required\">*<\/span><\/label><input type=\"email\" name=\"email-1\" value=\"\" placeholder=\"Par exemple\u00a0: jacques@martin.com\" id=\"forminator-field-email-1_69e0016545276\" class=\"forminator-input forminator-email--field\" data-required=\"true\" aria-required=\"true\" autocomplete=\"email\" \/><\/div><\/div><\/div><div class=\"forminator-row\"><div id=\"textarea-2\" class=\"forminator-field-textarea forminator-col forminator-col-12 \"><div class=\"forminator-field\"><label for=\"forminator-field-textarea-2_69e0016545276\" id=\"forminator-field-textarea-2_69e0016545276-label\" class=\"forminator-label\">Nom de l&#039;Entreprise<\/label><textarea name=\"textarea-2\" placeholder=\"\" id=\"forminator-field-textarea-2_69e0016545276\" class=\"forminator-textarea\" rows=\"6\" style=\"min-height:140px;\" ><\/textarea><\/div><\/div><\/div><div class=\"forminator-row\"><div id=\"phone-1\" class=\"forminator-field-phone forminator-col forminator-col-12 \"><div class=\"forminator-field\"><label for=\"forminator-field-phone-1_69e0016545276\" id=\"forminator-field-phone-1_69e0016545276-label\" class=\"forminator-label\">Num\u00e9ro de t\u00e9l\u00e9phone <span class=\"forminator-required\">*<\/span><\/label><input type=\"text\" name=\"phone-1\" value=\"\" placeholder=\"Par exemple\u00a0: +1 02 03 04 05\" id=\"forminator-field-phone-1_69e0016545276\" class=\"forminator-input forminator-field--phone\" data-required=\"1\" aria-required=\"true\" autocomplete=\"off\" \/><\/div><\/div><\/div><div class=\"forminator-row\"><div id=\"textarea-1\" class=\"forminator-field-textarea forminator-col forminator-col-12 \"><div class=\"forminator-field\"><label for=\"forminator-field-textarea-1_69e0016545276\" id=\"forminator-field-textarea-1_69e0016545276-label\" class=\"forminator-label\">Message<\/label><textarea name=\"textarea-1\" placeholder=\"Saisissez votre message\u2026\" id=\"forminator-field-textarea-1_69e0016545276\" class=\"forminator-textarea\" rows=\"6\" style=\"min-height:140px;\" maxlength=\"180\" ><\/textarea><span id=\"forminator-field-textarea-1_69e0016545276-description\" class=\"forminator-description\"><span data-limit=\"180\" data-type=\"characters\" data-editor=\"\">0 \/ 180<\/span><\/span><\/div><\/div><\/div><div class=\"forminator-row\"><div id=\"captcha-1\" class=\"forminator-field-captcha forminator-col forminator-col-12 \"><div class=\"forminator-captcha-left forminator-g-recaptcha\" data-theme=\"light\"  data-sitekey=\"6LfUrgsiAAAAAFc8OlyunIiI1zraqkELOp-5Q5uH\" data-size=\"normal\"><\/div> <\/div><\/div><input type=\"hidden\" name=\"referer_url\" value=\"\" \/><div class=\"forminator-row forminator-row-last\"><div class=\"forminator-col\"><div class=\"forminator-field\"><button class=\"forminator-button forminator-button-submit\"><span>Envoyer le message<\/span><span aria-hidden=\"true\"><\/span><\/button><\/div><\/div><\/div><input type=\"hidden\" id=\"forminator_nonce\" name=\"forminator_nonce\" value=\"b8b8e9eca4\" \/><input type=\"hidden\" name=\"_wp_http_referer\" value=\"\/zh\/wp-json\/wp\/v2\/pages\/354\" \/><input type=\"hidden\" name=\"form_id\" value=\"344\"><input type=\"hidden\" name=\"page_id\" value=\"354\"><input type=\"hidden\" name=\"form_type\" value=\"default\"><input type=\"hidden\" name=\"current_url\" value=\"https:\/\/rahizi.org\/zh\/nous-contacter\/\"><input type=\"hidden\" name=\"render_id\" value=\"0\"><input type=\"hidden\" name=\"action\" value=\"forminator_submit_form_custom-forms\"><\/form><\/div>\n\t\t\t\t\t\t<\/div>\n\t\t\t\t<\/div>\n\t\t\t\t\t<\/div>\n\t\t\t\t<\/div>\n\t\t\t\t<\/div>\n\t\t","protected":false},"excerpt":{"rendered":"<p>\u60a8\u6709\u5173\u4e8e RAHIZI \u670d\u52a1\u7684\u95ee\u9898\u5417\uff1f\u8bf7\u586b\u5199\u4e0b\u8868\uff0c\u6211\u4eec\u5c06\u5c3d\u5feb\u56de\u590d\u60a8\uff01<\/p>","protected":false},"author":1,"featured_media":289,"parent":0,"menu_order":0,"comment_status":"closed","ping_status":"closed","template":"","meta":{"_yoast_wpseo_title":"Contact %%sep%% Cr\u00e9er Entreprise en Afrique ou Moyen-Orient en ligne","_yoast_wpseo_metadesc":"Facilitez-vous la cr\u00e9ation de votre entreprise au Moyen-Orient et en Afrique en ligne avec Rahizi. Cr\u00e9ez votre soci\u00e9t\u00e9 \u00e0 distance facilement, en ligne.","footnotes":""},"class_list":["post-354","page","type-page","status-publish","has-post-thumbnail","hentry"],"yoast_head":"<!-- This site is optimized with the Yoast SEO plugin v27.4 - https:\/\/yoast.com\/product\/yoast-seo-wordpress\/ -->\n<title>Contact - Cr\u00e9er Entreprise en Afrique ou Moyen-Orient en ligne<\/title>\n<meta name=\"description\" content=\"Facilitez-vous la cr\u00e9ation de votre entreprise au Moyen-Orient et en Afrique en ligne avec Rahizi. Cr\u00e9ez votre soci\u00e9t\u00e9 \u00e0 distance facilement, en ligne.\" \/>\n<meta name=\"robots\" content=\"index, follow, max-snippet:-1, max-image-preview:large, max-video-preview:-1\" \/>\n<link rel=\"canonical\" href=\"https:\/\/rahizi.org\/zh\/\u8054\u7cfb\u6211\u4eec\/\" \/>\n<meta property=\"og:locale\" content=\"zh_CN\" \/>\n<meta property=\"og:type\" content=\"article\" \/>\n<meta property=\"og:title\" content=\"Contact - Cr\u00e9er Entreprise en Afrique ou Moyen-Orient en ligne\" \/>\n<meta property=\"og:description\" content=\"Facilitez-vous la cr\u00e9ation de votre entreprise au Moyen-Orient et en Afrique en ligne avec Rahizi. Cr\u00e9ez votre soci\u00e9t\u00e9 \u00e0 distance facilement, en ligne.\" \/>\n<meta property=\"og:url\" content=\"https:\/\/rahizi.org\/zh\/\u8054\u7cfb\u6211\u4eec\/\" \/>\n<meta property=\"og:site_name\" content=\"Rahizi.org\" \/>\n<meta property=\"article:modified_time\" content=\"2024-01-01T20:55:51+00:00\" \/>\n<meta property=\"og:image\" content=\"https:\/\/rahizi.org\/wp-content\/uploads\/2024\/01\/RAHIZI-LOGOTYPE-2.png\" \/>\n\t<meta property=\"og:image:width\" content=\"1000\" \/>\n\t<meta property=\"og:image:height\" content=\"1000\" \/>\n\t<meta property=\"og:image:type\" content=\"image\/png\" \/>\n<meta name=\"twitter:card\" content=\"summary_large_image\" \/>\n<meta name=\"twitter:label1\" content=\"\u9884\u8ba1\u9605\u8bfb\u65f6\u95f4\" \/>\n\t<meta name=\"twitter:data1\" content=\"1 \u5206\" \/>\n<script type=\"application\/ld+json\" class=\"yoast-schema-graph\">{\"@context\":\"https:\\\/\\\/schema.org\",\"@graph\":[{\"@type\":\"WebPage\",\"@id\":\"https:\\\/\\\/rahizi.org\\\/nous-contacter\\\/\",\"url\":\"https:\\\/\\\/rahizi.org\\\/nous-contacter\\\/\",\"name\":\"Contact - Cr\u00e9er Entreprise en Afrique ou Moyen-Orient en ligne\",\"isPartOf\":{\"@id\":\"https:\\\/\\\/rahizi.org\\\/#website\"},\"primaryImageOfPage\":{\"@id\":\"https:\\\/\\\/rahizi.org\\\/nous-contacter\\\/#primaryimage\"},\"image\":{\"@id\":\"https:\\\/\\\/rahizi.org\\\/nous-contacter\\\/#primaryimage\"},\"thumbnailUrl\":\"https:\\\/\\\/rahizi.org\\\/wp-content\\\/uploads\\\/2024\\\/01\\\/RAHIZI-LOGOTYPE-2.png\",\"datePublished\":\"2024-01-01T20:51:22+00:00\",\"dateModified\":\"2024-01-01T20:55:51+00:00\",\"description\":\"Facilitez-vous la cr\u00e9ation de votre entreprise au Moyen-Orient et en Afrique en ligne avec Rahizi. Cr\u00e9ez votre soci\u00e9t\u00e9 \u00e0 distance facilement, en ligne.\",\"breadcrumb\":{\"@id\":\"https:\\\/\\\/rahizi.org\\\/nous-contacter\\\/#breadcrumb\"},\"inLanguage\":\"zh-Hans\",\"potentialAction\":[{\"@type\":\"ReadAction\",\"target\":[\"https:\\\/\\\/rahizi.org\\\/nous-contacter\\\/\"]}]},{\"@type\":\"ImageObject\",\"inLanguage\":\"zh-Hans\",\"@id\":\"https:\\\/\\\/rahizi.org\\\/nous-contacter\\\/#primaryimage\",\"url\":\"https:\\\/\\\/rahizi.org\\\/wp-content\\\/uploads\\\/2024\\\/01\\\/RAHIZI-LOGOTYPE-2.png\",\"contentUrl\":\"https:\\\/\\\/rahizi.org\\\/wp-content\\\/uploads\\\/2024\\\/01\\\/RAHIZI-LOGOTYPE-2.png\",\"width\":1000,\"height\":1000,\"caption\":\"RAHIZI - Cr\u00e9er Votre Entreprise en Afrique ou au Moyen-Orient en Ligne en 1h\"},{\"@type\":\"BreadcrumbList\",\"@id\":\"https:\\\/\\\/rahizi.org\\\/nous-contacter\\\/#breadcrumb\",\"itemListElement\":[{\"@type\":\"ListItem\",\"position\":1,\"name\":\"Accueil\",\"item\":\"https:\\\/\\\/rahizi.org\\\/\"},{\"@type\":\"ListItem\",\"position\":2,\"name\":\"Nous Contacter\"}]},{\"@type\":\"WebSite\",\"@id\":\"https:\\\/\\\/rahizi.org\\\/#website\",\"url\":\"https:\\\/\\\/rahizi.org\\\/\",\"name\":\"Rahizi.org\",\"description\":\"Cr\u00e9ez votre Entreprise en Afrique ou au Moyen-Orient en Ligne en 1h\",\"publisher\":{\"@id\":\"https:\\\/\\\/rahizi.org\\\/#organization\"},\"potentialAction\":[{\"@type\":\"SearchAction\",\"target\":{\"@type\":\"EntryPoint\",\"urlTemplate\":\"https:\\\/\\\/rahizi.org\\\/?s={search_term_string}\"},\"query-input\":{\"@type\":\"PropertyValueSpecification\",\"valueRequired\":true,\"valueName\":\"search_term_string\"}}],\"inLanguage\":\"zh-Hans\"},{\"@type\":\"Organization\",\"@id\":\"https:\\\/\\\/rahizi.org\\\/#organization\",\"name\":\"Rahizi.org\",\"url\":\"https:\\\/\\\/rahizi.org\\\/\",\"logo\":{\"@type\":\"ImageObject\",\"inLanguage\":\"zh-Hans\",\"@id\":\"https:\\\/\\\/rahizi.org\\\/#\\\/schema\\\/logo\\\/image\\\/\",\"url\":\"https:\\\/\\\/rahizi.org\\\/wp-content\\\/uploads\\\/2023\\\/12\\\/RAHIZI-LOGOTYPE-SLOGAN.png\",\"contentUrl\":\"https:\\\/\\\/rahizi.org\\\/wp-content\\\/uploads\\\/2023\\\/12\\\/RAHIZI-LOGOTYPE-SLOGAN.png\",\"width\":1000,\"height\":1000,\"caption\":\"Rahizi.org\"},\"image\":{\"@id\":\"https:\\\/\\\/rahizi.org\\\/#\\\/schema\\\/logo\\\/image\\\/\"}}]}<\/script>\n<!-- \/ Yoast SEO plugin. -->","yoast_head_json":{"title":"\u8054\u7cfb\u6211\u4eec - \u5728\u975e\u6d32\u6216\u4e2d\u4e1c\u521b\u5efa\u5728\u7ebf\u4e1a\u52a1","description":"\u901a\u8fc7 Rahizi \u5728\u7ebf\u5728\u4e2d\u4e1c\u548c\u975e\u6d32\u521b\u5efa\u516c\u53f8\u3002\u8fdc\u7a0b\u3001\u8f7b\u677e\u3001\u5728\u7ebf\u521b\u5efa\u516c\u53f8\u3002","robots":{"index":"index","follow":"follow","max-snippet":"max-snippet:-1","max-image-preview":"max-image-preview:large","max-video-preview":"max-video-preview:-1"},"canonical":"https:\/\/rahizi.org\/zh\/\u8054\u7cfb\u6211\u4eec\/","og_locale":"zh_CN","og_type":"article","og_title":"Contact - Cr\u00e9er Entreprise en Afrique ou Moyen-Orient en ligne","og_description":"Facilitez-vous la cr\u00e9ation de votre entreprise au Moyen-Orient et en Afrique en ligne avec Rahizi. Cr\u00e9ez votre soci\u00e9t\u00e9 \u00e0 distance facilement, en ligne.","og_url":"https:\/\/rahizi.org\/zh\/\u8054\u7cfb\u6211\u4eec\/","og_site_name":"Rahizi.org","article_modified_time":"2024-01-01T20:55:51+00:00","og_image":[{"width":1000,"height":1000,"url":"https:\/\/rahizi.org\/wp-content\/uploads\/2024\/01\/RAHIZI-LOGOTYPE-2.png","type":"image\/png"}],"twitter_card":"summary_large_image","twitter_misc":{"\u9884\u8ba1\u9605\u8bfb\u65f6\u95f4":"1 \u5206"},"schema":{"@context":"https:\/\/schema.org","@graph":[{"@type":"WebPage","@id":"https:\/\/rahizi.org\/nous-contacter\/","url":"https:\/\/rahizi.org\/nous-contacter\/","name":"\u8054\u7cfb\u6211\u4eec - \u5728\u975e\u6d32\u6216\u4e2d\u4e1c\u521b\u5efa\u5728\u7ebf\u4e1a\u52a1","isPartOf":{"@id":"https:\/\/rahizi.org\/#website"},"primaryImageOfPage":{"@id":"https:\/\/rahizi.org\/nous-contacter\/#primaryimage"},"image":{"@id":"https:\/\/rahizi.org\/nous-contacter\/#primaryimage"},"thumbnailUrl":"https:\/\/rahizi.org\/wp-content\/uploads\/2024\/01\/RAHIZI-LOGOTYPE-2.png","datePublished":"2024-01-01T20:51:22+00:00","dateModified":"2024-01-01T20:55:51+00:00","description":"\u901a\u8fc7 Rahizi \u5728\u7ebf\u5728\u4e2d\u4e1c\u548c\u975e\u6d32\u521b\u5efa\u516c\u53f8\u3002\u8fdc\u7a0b\u3001\u8f7b\u677e\u3001\u5728\u7ebf\u521b\u5efa\u516c\u53f8\u3002","breadcrumb":{"@id":"https:\/\/rahizi.org\/nous-contacter\/#breadcrumb"},"inLanguage":"zh-Hans","potentialAction":[{"@type":"ReadAction","target":["https:\/\/rahizi.org\/nous-contacter\/"]}]},{"@type":"ImageObject","inLanguage":"zh-Hans","@id":"https:\/\/rahizi.org\/nous-contacter\/#primaryimage","url":"https:\/\/rahizi.org\/wp-content\/uploads\/2024\/01\/RAHIZI-LOGOTYPE-2.png","contentUrl":"https:\/\/rahizi.org\/wp-content\/uploads\/2024\/01\/RAHIZI-LOGOTYPE-2.png","width":1000,"height":1000,"caption":"RAHIZI - Cr\u00e9er Votre Entreprise en Afrique ou au Moyen-Orient en Ligne en 1h"},{"@type":"BreadcrumbList","@id":"https:\/\/rahizi.org\/nous-contacter\/#breadcrumb","itemListElement":[{"@type":"ListItem","position":1,"name":"Accueil","item":"https:\/\/rahizi.org\/"},{"@type":"ListItem","position":2,"name":"Nous Contacter"}]},{"@type":"WebSite","@id":"https:\/\/rahizi.org\/#website","url":"https:\/\/rahizi.org\/","name":"Rahizi.org","description":"1 \u5c0f\u65f6\u5185\u5728\u7ebf\u5728\u975e\u6d32\u6216\u4e2d\u4e1c\u8bbe\u7acb\u516c\u53f8","publisher":{"@id":"https:\/\/rahizi.org\/#organization"},"potentialAction":[{"@type":"SearchAction","target":{"@type":"EntryPoint","urlTemplate":"https:\/\/rahizi.org\/?s={search_term_string}"},"query-input":{"@type":"PropertyValueSpecification","valueRequired":true,"valueName":"search_term_string"}}],"inLanguage":"zh-Hans"},{"@type":"Organization","@id":"https:\/\/rahizi.org\/#organization","name":"Rahizi.org","url":"https:\/\/rahizi.org\/","logo":{"@type":"ImageObject","inLanguage":"zh-Hans","@id":"https:\/\/rahizi.org\/#\/schema\/logo\/image\/","url":"https:\/\/rahizi.org\/wp-content\/uploads\/2023\/12\/RAHIZI-LOGOTYPE-SLOGAN.png","contentUrl":"https:\/\/rahizi.org\/wp-content\/uploads\/2023\/12\/RAHIZI-LOGOTYPE-SLOGAN.png","width":1000,"height":1000,"caption":"Rahizi.org"},"image":{"@id":"https:\/\/rahizi.org\/#\/schema\/logo\/image\/"}}]}},"jetpack_sharing_enabled":true,"_links":{"self":[{"href":"https:\/\/rahizi.org\/zh\/wp-json\/wp\/v2\/pages\/354","targetHints":{"allow":["GET"]}}],"collection":[{"href":"https:\/\/rahizi.org\/zh\/wp-json\/wp\/v2\/pages"}],"about":[{"href":"https:\/\/rahizi.org\/zh\/wp-json\/wp\/v2\/types\/page"}],"author":[{"embeddable":true,"href":"https:\/\/rahizi.org\/zh\/wp-json\/wp\/v2\/users\/1"}],"replies":[{"embeddable":true,"href":"https:\/\/rahizi.org\/zh\/wp-json\/wp\/v2\/comments?post=354"}],"version-history":[{"count":7,"href":"https:\/\/rahizi.org\/zh\/wp-json\/wp\/v2\/pages\/354\/revisions"}],"predecessor-version":[{"id":362,"href":"https:\/\/rahizi.org\/zh\/wp-json\/wp\/v2\/pages\/354\/revisions\/362"}],"wp:featuredmedia":[{"embeddable":true,"href":"https:\/\/rahizi.org\/zh\/wp-json\/wp\/v2\/media\/289"}],"wp:attachment":[{"href":"https:\/\/rahizi.org\/zh\/wp-json\/wp\/v2\/media?parent=354"}],"curies":[{"name":"wp","href":"https:\/\/api.w.org\/{rel}","templated":true}]}}